{"id":36544,"date":"2025-03-25T11:04:45","date_gmt":"2025-03-25T10:04:45","guid":{"rendered":"https:\/\/gongcenter.ch\/?post_type=product&#038;p=36544"},"modified":"2025-03-28T11:48:16","modified_gmt":"2025-03-28T10:48:16","slug":"symphonic-gong-no-logo-20","status":"publish","type":"product","link":"https:\/\/gongcenter.ch\/en\/product\/symphonic-gong-no-logo-20\/","title":{"rendered":"PAISTE Symphonic Gong 20&#8243;"},"content":{"rendered":"<p class=\"\" data-start=\"215\" data-end=\"549\">Die <strong data-start=\"219\" data-end=\"253\">symphonischen Gongs von PAISTE<\/strong> zeichnen sich durch ihre flache Bauweise und eine <strong data-start=\"304\" data-end=\"346\">harmonische, universelle Klangstruktur<\/strong> aus. Ihr ausgewogener Schwingungsverlauf er\u00f6ffnet ein facettenreiches Klangspektrum, das sich durch Anschlagtechnik sowie durch Gr\u00f6sse, Gewicht und Beschaffenheit der Mallets vielseitig gestalten l\u00e4sst.<\/p>\n<p class=\"\" data-start=\"551\" data-end=\"869\">Die moderne Klangforschung zeigt: <strong data-start=\"585\" data-end=\"705\">Harmonische Naturt\u00f6ne k\u00f6nnen nicht nur den Raum erf\u00fcllen, sondern auch die Qualit\u00e4t innerer Absichten transportieren<\/strong>. Beim Spiel dieses Gongs kannst du bewusst deine Inspiration, Kreativit\u00e4t und pers\u00f6nliche Intention einflie\u00dfen lassen \u2013 Klang wird zu Ausdruck deiner inneren Welt.<\/p>\n<p class=\"\" data-start=\"871\" data-end=\"1049\"><strong data-start=\"871\" data-end=\"935\">PAISTE steht f\u00fcr traditionelles Handwerk auf h\u00f6chstem Niveau<\/strong> \u2013 \u00fcber Generationen hinweg gewachsen, in Deutschland gefertigt und weltweit gesch\u00e4tzt f\u00fcr Qualit\u00e4t und Pr\u00e4zision.<\/p>\n","protected":false},"excerpt":{"rendered":"<p class=\"\" data-start=\"116\" data-end=\"314\"><strong data-start=\"116\" data-end=\"128\">Hinweis:<\/strong><\/p>\r\n<p class=\"\" data-start=\"116\" data-end=\"314\">Der <strong data-start=\"135\" data-end=\"160\">PAISTE Symphonic Gong<\/strong> wird standardm\u00e4ssig <strong data-start=\"181\" data-end=\"194\">ohne Logo<\/strong> geliefert. Wenn du einen Gong <strong data-start=\"225\" data-end=\"244\">mit PAISTE Logo<\/strong> w\u00fcnschst, teile uns dies bitte ausdr\u00fccklich bei der Bestellung mit.<\/p>\r\n&nbsp;","protected":false},"featured_media":29210,"template":"","meta":[],"product_brand":[],"product_cat":[1422],"product_tag":[],"class_list":{"0":"post-36544","1":"product","2":"type-product","3":"status-publish","4":"has-post-thumbnail","6":"product_cat-gongs-auf-lager","7":"product_shipping_class-kostenloser-versand-innerhalb-der-schweiz","8":"pa_groesse-20-50-8-cm-o","9":"pa_groesse-22-55-9-cm-o","10":"pa_groesse-24-62-cm","11":"pa_groesse-26-66-cm","12":"pa_groesse-28-71-cm","13":"pa_groesse-30-75-cm","14":"pa_groesse-32-81-cm-o","15":"pa_groesse-34-86cm","16":"pa_groesse-36-90-cm-o","17":"pa_groesse-38-95-cm-o","18":"pa_groesse-40-100-cm-o","19":"pa_groesse-50-127-cm-o","20":"pa_groesse-60-154-cm","21":"pa_groesse-80-203-cm-oe","23":"first","24":"instock","25":"sold-individually","26":"taxable","27":"shipping-taxable","28":"purchasable","29":"product-type-simple"},"yoast_head":"<!-- This site is optimized with the Yoast SEO plugin v27.0 - https:\/\/yoast.com\/product\/yoast-seo-wordpress\/ -->\n<title>PAISTE Symphonischer Gong \u2013 universeller Handgong<\/title>\n<meta name=\"description\" content=\"Harmonischer Gong mit universellem Klangspektrum. Handgefertigt von PAISTE in Deutschland \u2013 entdecke jetzt die Welt der symphonischen Gongs.\" \/>\n<meta name=\"robots\" content=\"index, follow, max-snippet:-1, max-image-preview:large, max-video-preview:-1\" \/>\n<link rel=\"canonical\" href=\"https:\/\/gongcenter.ch\/produkt\/symphonic-gong-no-logo-20\/\" \/>\n<meta property=\"og:locale\" content=\"en_US\" \/>\n<meta property=\"og:type\" content=\"article\" \/>\n<meta property=\"og:title\" content=\"PAISTE Symphonischer Gong \u2013 universeller Handgong\" \/>\n<meta property=\"og:description\" content=\"Harmonischer Gong mit universellem Klangspektrum. Handgefertigt von PAISTE in Deutschland \u2013 entdecke jetzt die Welt der symphonischen Gongs.\" \/>\n<meta property=\"og:url\" content=\"https:\/\/gongcenter.ch\/produkt\/symphonic-gong-no-logo-20\/\" \/>\n<meta property=\"og:site_name\" content=\"Gong Center Schweiz I Dein Gong und Klanginstrumente Fachgesch\u00e4ft\" \/>\n<meta property=\"article:modified_time\" content=\"2025-03-28T10:48:16+00:00\" \/>\n<meta property=\"og:image\" content=\"https:\/\/gongcenter.ch\/app\/uploads\/2022\/09\/Paiste-No-Logo-2.png\" \/>\n\t<meta property=\"og:image:width\" content=\"600\" \/>\n\t<meta property=\"og:image:height\" content=\"600\" \/>\n\t<meta property=\"og:image:type\" content=\"image\/png\" \/>\n<meta name=\"twitter:card\" content=\"summary_large_image\" \/>\n<meta name=\"twitter:label1\" content=\"Est. reading time\" \/>\n\t<meta name=\"twitter:data1\" content=\"1 minute\" \/>\n<!-- \/ Yoast SEO plugin. -->","yoast_head_json":{"title":"PAISTE Symphonischer Gong \u2013 universeller Handgong","description":"Harmonischer Gong mit universellem Klangspektrum. Handgefertigt von PAISTE in Deutschland \u2013 entdecke jetzt die Welt der symphonischen Gongs.","robots":{"index":"index","follow":"follow","max-snippet":"max-snippet:-1","max-image-preview":"max-image-preview:large","max-video-preview":"max-video-preview:-1"},"canonical":"https:\/\/gongcenter.ch\/produkt\/symphonic-gong-no-logo-20\/","og_locale":"en_US","og_type":"article","og_title":"PAISTE Symphonischer Gong \u2013 universeller Handgong","og_description":"Harmonischer Gong mit universellem Klangspektrum. Handgefertigt von PAISTE in Deutschland \u2013 entdecke jetzt die Welt der symphonischen Gongs.","og_url":"https:\/\/gongcenter.ch\/produkt\/symphonic-gong-no-logo-20\/","og_site_name":"Gong Center Schweiz I Dein Gong und Klanginstrumente Fachgesch\u00e4ft","article_modified_time":"2025-03-28T10:48:16+00:00","og_image":[{"width":600,"height":600,"url":"https:\/\/gongcenter.ch\/app\/uploads\/2022\/09\/Paiste-No-Logo-2.png","type":"image\/png"}],"twitter_card":"summary_large_image","twitter_misc":{"Est. reading time":"1 minute"},"schema":{"@context":"https:\/\/schema.org","@graph":[{"@type":"WebPage","@id":"https:\/\/gongcenter.ch\/produkt\/symphonic-gong-no-logo-20\/","url":"https:\/\/gongcenter.ch\/produkt\/symphonic-gong-no-logo-20\/","name":"PAISTE Symphonischer Gong \u2013 universeller Handgong","isPartOf":{"@id":"https:\/\/gongcenter.ch\/#website"},"primaryImageOfPage":{"@id":"https:\/\/gongcenter.ch\/produkt\/symphonic-gong-no-logo-20\/#primaryimage"},"image":{"@id":"https:\/\/gongcenter.ch\/produkt\/symphonic-gong-no-logo-20\/#primaryimage"},"thumbnailUrl":"https:\/\/gongcenter.ch\/app\/uploads\/2022\/09\/Paiste-No-Logo-2.png","datePublished":"2025-03-25T10:04:45+00:00","dateModified":"2025-03-28T10:48:16+00:00","description":"Harmonischer Gong mit universellem Klangspektrum. Handgefertigt von PAISTE in Deutschland \u2013 entdecke jetzt die Welt der symphonischen Gongs.","breadcrumb":{"@id":"https:\/\/gongcenter.ch\/produkt\/symphonic-gong-no-logo-20\/#breadcrumb"},"inLanguage":"en-US","potentialAction":[{"@type":"ReadAction","target":["https:\/\/gongcenter.ch\/produkt\/symphonic-gong-no-logo-20\/"]}]},{"@type":"ImageObject","inLanguage":"en-US","@id":"https:\/\/gongcenter.ch\/produkt\/symphonic-gong-no-logo-20\/#primaryimage","url":"https:\/\/gongcenter.ch\/app\/uploads\/2022\/09\/Paiste-No-Logo-2.png","contentUrl":"https:\/\/gongcenter.ch\/app\/uploads\/2022\/09\/Paiste-No-Logo-2.png","width":600,"height":600},{"@type":"BreadcrumbList","@id":"https:\/\/gongcenter.ch\/produkt\/symphonic-gong-no-logo-20\/#breadcrumb","itemListElement":[{"@type":"ListItem","position":1,"name":"Startseite","item":"https:\/\/gongcenter.ch\/en\/"},{"@type":"ListItem","position":2,"name":"Shop","item":"https:\/\/gongcenter.ch\/en\/shop\/"},{"@type":"ListItem","position":3,"name":"PAISTE Symphonic Gong 20&#8243;"}]},{"@type":"WebSite","@id":"https:\/\/gongcenter.ch\/#website","url":"https:\/\/gongcenter.ch\/","name":"Gong Center Schweiz I Dein Gong und Klanginstrumente Fachgesch\u00e4ft","description":"Entdecke eine grosse Gong Auswahl sowie weitere Klanginstrumente - Wir sind Gong Klangtherapeut und bieten dir Top Qualit\u00e4t und Beratung.","publisher":{"@id":"https:\/\/gongcenter.ch\/#organization"},"potentialAction":[{"@type":"SearchAction","target":{"@type":"EntryPoint","urlTemplate":"https:\/\/gongcenter.ch\/?s={search_term_string}"},"query-input":{"@type":"PropertyValueSpecification","valueRequired":true,"valueName":"search_term_string"}}],"inLanguage":"en-US"},{"@type":"Organization","@id":"https:\/\/gongcenter.ch\/#organization","name":"Gongcenter Z\u00fcrich I Das Fachgesch\u00e4ft f\u00fcr Gong und Klang","url":"https:\/\/gongcenter.ch\/","logo":{"@type":"ImageObject","inLanguage":"en-US","@id":"https:\/\/gongcenter.ch\/#\/schema\/logo\/image\/","url":"https:\/\/gongcenter.ch\/app\/uploads\/2018\/05\/Gong-Center_Logo_2000_black.png","contentUrl":"https:\/\/gongcenter.ch\/app\/uploads\/2018\/05\/Gong-Center_Logo_2000_black.png","width":2000,"height":600,"caption":"Gongcenter Z\u00fcrich I Das Fachgesch\u00e4ft f\u00fcr Gong und Klang"},"image":{"@id":"https:\/\/gongcenter.ch\/#\/schema\/logo\/image\/"}}]}},"acf":[],"_links":{"self":[{"href":"https:\/\/gongcenter.ch\/en\/wp-json\/wp\/v2\/product\/36544","targetHints":{"allow":["GET"]}}],"collection":[{"href":"https:\/\/gongcenter.ch\/en\/wp-json\/wp\/v2\/product"}],"about":[{"href":"https:\/\/gongcenter.ch\/en\/wp-json\/wp\/v2\/types\/product"}],"wp:featuredmedia":[{"embeddable":true,"href":"https:\/\/gongcenter.ch\/en\/wp-json\/wp\/v2\/media\/29210"}],"wp:attachment":[{"href":"https:\/\/gongcenter.ch\/en\/wp-json\/wp\/v2\/media?parent=36544"}],"wp:term":[{"taxonomy":"product_brand","embeddable":true,"href":"https:\/\/gongcenter.ch\/en\/wp-json\/wp\/v2\/product_brand?post=36544"},{"taxonomy":"product_cat","embeddable":true,"href":"https:\/\/gongcenter.ch\/en\/wp-json\/wp\/v2\/product_cat?post=36544"},{"taxonomy":"product_tag","embeddable":true,"href":"https:\/\/gongcenter.ch\/en\/wp-json\/wp\/v2\/product_tag?post=36544"}],"curies":[{"name":"wp","href":"https:\/\/api.w.org\/{rel}","templated":true}]}}