{"id":36584,"date":"2025-03-27T17:33:18","date_gmt":"2025-03-27T16:33:18","guid":{"rendered":"https:\/\/gongcenter.ch\/?post_type=product&#038;p=36584"},"modified":"2025-04-02T16:38:04","modified_gmt":"2025-04-02T15:38:04","slug":"doppelmonochord","status":"publish","type":"product","link":"https:\/\/gongcenter.ch\/en\/product\/doppelmonochord\/","title":{"rendered":"Doppelmonochord"},"content":{"rendered":"<h2>Satter Klang auf zwei Ebenen<\/h2>\n<p>Das Doppelmonochord ist in drei Gr&ouml;&szlig;en erh&auml;ltlich. Dies ist eine neue Version unseres beliebten Klassikers: <a href=\"https:\/\/meerklang-musikinstrumente.de\/produkt\/monochord\/\">Das Monochord<\/a>.<\/p>\n<div class=\"fusion-text fusion-text-1\">\n<p>Das Doppelmonochord hat zwei Saitenebenen mit zwei unterschiedlichen Grundt&ouml;nen, die im Quintverh&auml;ltnis zueinanderstehen. Man kann beide Ebenen einzeln oder gleichzeitig spielen. Der Gesamtklang des Doppelmonochords ist aufgrund der Vielzahl der Saiten noch etwas kraftvoller und obertonreicher als bei den einseitig bespannten Monochorden. Im Zusammenspiel mit anderen Instrumenten hat man durch die verschiedenen Grundt&ouml;ne etwas mehr Gestaltungsspielraum in der Begleitung.<\/p>\n<p>Die Meerklang Doppelmonochorde sind je nach L&auml;nge mit 50 bis 60 Saiten bespannt.<\/p>\n<\/div>\n","protected":false},"excerpt":{"rendered":"Satter Klang auf zwei Ebenen Das Doppelmonochord ist in drei Gr&ouml;&szlig;en erh&auml;ltlich. Dies ist eine neue Version unseres beliebten Klassikers: Das Monochord. Das Doppelmonochord hat zwei Saitenebenen mit zwei unterschiedlichen Grundt&ouml;nen, die im Quintverh&auml;ltnis zueinanderstehen. Man kann beide Ebenen einzeln oder gleichzeitig spielen. Der Gesamtklang des Doppelmonochords ist aufgrund der Vielzahl der Saiten noch etwas<a href=\"https:\/\/gongcenter.ch\/en\/product\/doppelmonochord\/\" class=\"readmore\">Mehr  <i class=\"fa fa-angle-double-right\"><\/i><\/a>","protected":false},"featured_media":36283,"template":"","meta":[],"product_brand":[],"product_cat":[506,40],"product_tag":[],"class_list":{"0":"post-36584","1":"product","2":"type-product","3":"status-publish","4":"has-post-thumbnail","6":"product_cat-monochord-kotamo","7":"product_cat-klanginstrumente","9":"first","10":"instock","11":"taxable","12":"shipping-taxable","13":"purchasable","14":"product-type-variable"},"yoast_head":"<!-- This site is optimized with the Yoast SEO plugin v27.0 - https:\/\/yoast.com\/product\/yoast-seo-wordpress\/ -->\n<title>Doppelmonochord - Gong Center Schweiz I Dein Gong und Klanginstrumente Fachgesch\u00e4ft<\/title>\n<meta name=\"robots\" content=\"index, follow, max-snippet:-1, max-image-preview:large, max-video-preview:-1\" \/>\n<link rel=\"canonical\" href=\"https:\/\/gongcenter.ch\/produkt\/doppelmonochord\/\" \/>\n<meta property=\"og:locale\" content=\"en_US\" \/>\n<meta property=\"og:type\" content=\"article\" \/>\n<meta property=\"og:title\" content=\"Doppelmonochord - Gong Center Schweiz I Dein Gong und Klanginstrumente Fachgesch\u00e4ft\" \/>\n<meta property=\"og:description\" content=\"Satter Klang auf zwei Ebenen Das Doppelmonochord ist in drei Gr&ouml;&szlig;en erh&auml;ltlich. Dies ist eine neue Version unseres beliebten Klassikers: Das Monochord. Das Doppelmonochord hat zwei Saitenebenen mit zwei unterschiedlichen Grundt&ouml;nen, die im Quintverh&auml;ltnis zueinanderstehen. Man kann beide Ebenen einzeln oder gleichzeitig spielen. Der Gesamtklang des Doppelmonochords ist aufgrund der Vielzahl der Saiten noch etwasMehr\" \/>\n<meta property=\"og:url\" content=\"https:\/\/gongcenter.ch\/produkt\/doppelmonochord\/\" \/>\n<meta property=\"og:site_name\" content=\"Gong Center Schweiz I Dein Gong und Klanginstrumente Fachgesch\u00e4ft\" \/>\n<meta property=\"article:modified_time\" content=\"2025-04-02T15:38:04+00:00\" \/>\n<meta property=\"og:image\" content=\"https:\/\/gongcenter.ch\/app\/uploads\/2024\/12\/doppelmonochord.jpg\" \/>\n\t<meta property=\"og:image:width\" content=\"1000\" \/>\n\t<meta property=\"og:image:height\" content=\"666\" \/>\n\t<meta property=\"og:image:type\" content=\"image\/jpeg\" \/>\n<meta name=\"twitter:card\" content=\"summary_large_image\" \/>\n<meta name=\"twitter:label1\" content=\"Est. reading time\" \/>\n\t<meta name=\"twitter:data1\" content=\"1 minute\" \/>\n<!-- \/ Yoast SEO plugin. -->","yoast_head_json":{"title":"Doppelmonochord - Gong Center Schweiz I Dein Gong und Klanginstrumente Fachgesch\u00e4ft","robots":{"index":"index","follow":"follow","max-snippet":"max-snippet:-1","max-image-preview":"max-image-preview:large","max-video-preview":"max-video-preview:-1"},"canonical":"https:\/\/gongcenter.ch\/produkt\/doppelmonochord\/","og_locale":"en_US","og_type":"article","og_title":"Doppelmonochord - Gong Center Schweiz I Dein Gong und Klanginstrumente Fachgesch\u00e4ft","og_description":"Satter Klang auf zwei Ebenen Das Doppelmonochord ist in drei Gr&ouml;&szlig;en erh&auml;ltlich. Dies ist eine neue Version unseres beliebten Klassikers: Das Monochord. Das Doppelmonochord hat zwei Saitenebenen mit zwei unterschiedlichen Grundt&ouml;nen, die im Quintverh&auml;ltnis zueinanderstehen. Man kann beide Ebenen einzeln oder gleichzeitig spielen. Der Gesamtklang des Doppelmonochords ist aufgrund der Vielzahl der Saiten noch etwasMehr","og_url":"https:\/\/gongcenter.ch\/produkt\/doppelmonochord\/","og_site_name":"Gong Center Schweiz I Dein Gong und Klanginstrumente Fachgesch\u00e4ft","article_modified_time":"2025-04-02T15:38:04+00:00","og_image":[{"width":1000,"height":666,"url":"https:\/\/gongcenter.ch\/app\/uploads\/2024\/12\/doppelmonochord.jpg","type":"image\/jpeg"}],"twitter_card":"summary_large_image","twitter_misc":{"Est. reading time":"1 minute"},"schema":{"@context":"https:\/\/schema.org","@graph":[{"@type":"WebPage","@id":"https:\/\/gongcenter.ch\/produkt\/doppelmonochord\/","url":"https:\/\/gongcenter.ch\/produkt\/doppelmonochord\/","name":"Doppelmonochord - Gong Center Schweiz I Dein Gong und Klanginstrumente Fachgesch\u00e4ft","isPartOf":{"@id":"https:\/\/gongcenter.ch\/#website"},"primaryImageOfPage":{"@id":"https:\/\/gongcenter.ch\/produkt\/doppelmonochord\/#primaryimage"},"image":{"@id":"https:\/\/gongcenter.ch\/produkt\/doppelmonochord\/#primaryimage"},"thumbnailUrl":"https:\/\/gongcenter.ch\/app\/uploads\/2024\/12\/doppelmonochord.jpg","datePublished":"2025-03-27T16:33:18+00:00","dateModified":"2025-04-02T15:38:04+00:00","breadcrumb":{"@id":"https:\/\/gongcenter.ch\/produkt\/doppelmonochord\/#breadcrumb"},"inLanguage":"en-US","potentialAction":[{"@type":"ReadAction","target":["https:\/\/gongcenter.ch\/produkt\/doppelmonochord\/"]}]},{"@type":"ImageObject","inLanguage":"en-US","@id":"https:\/\/gongcenter.ch\/produkt\/doppelmonochord\/#primaryimage","url":"https:\/\/gongcenter.ch\/app\/uploads\/2024\/12\/doppelmonochord.jpg","contentUrl":"https:\/\/gongcenter.ch\/app\/uploads\/2024\/12\/doppelmonochord.jpg","width":1000,"height":666},{"@type":"BreadcrumbList","@id":"https:\/\/gongcenter.ch\/produkt\/doppelmonochord\/#breadcrumb","itemListElement":[{"@type":"ListItem","position":1,"name":"Startseite","item":"https:\/\/gongcenter.ch\/en\/"},{"@type":"ListItem","position":2,"name":"Shop","item":"https:\/\/gongcenter.ch\/en\/shop\/"},{"@type":"ListItem","position":3,"name":"Doppelmonochord"}]},{"@type":"WebSite","@id":"https:\/\/gongcenter.ch\/#website","url":"https:\/\/gongcenter.ch\/","name":"Gong Center Schweiz I Dein Gong und Klanginstrumente Fachgesch\u00e4ft","description":"Entdecke eine grosse Gong Auswahl sowie weitere Klanginstrumente - Wir sind Gong Klangtherapeut und bieten dir Top Qualit\u00e4t und Beratung.","publisher":{"@id":"https:\/\/gongcenter.ch\/#organization"},"potentialAction":[{"@type":"SearchAction","target":{"@type":"EntryPoint","urlTemplate":"https:\/\/gongcenter.ch\/?s={search_term_string}"},"query-input":{"@type":"PropertyValueSpecification","valueRequired":true,"valueName":"search_term_string"}}],"inLanguage":"en-US"},{"@type":"Organization","@id":"https:\/\/gongcenter.ch\/#organization","name":"Gongcenter Z\u00fcrich I Das Fachgesch\u00e4ft f\u00fcr Gong und Klang","url":"https:\/\/gongcenter.ch\/","logo":{"@type":"ImageObject","inLanguage":"en-US","@id":"https:\/\/gongcenter.ch\/#\/schema\/logo\/image\/","url":"https:\/\/gongcenter.ch\/app\/uploads\/2018\/05\/Gong-Center_Logo_2000_black.png","contentUrl":"https:\/\/gongcenter.ch\/app\/uploads\/2018\/05\/Gong-Center_Logo_2000_black.png","width":2000,"height":600,"caption":"Gongcenter Z\u00fcrich I Das Fachgesch\u00e4ft f\u00fcr Gong und Klang"},"image":{"@id":"https:\/\/gongcenter.ch\/#\/schema\/logo\/image\/"}}]}},"acf":[],"_links":{"self":[{"href":"https:\/\/gongcenter.ch\/en\/wp-json\/wp\/v2\/product\/36584","targetHints":{"allow":["GET"]}}],"collection":[{"href":"https:\/\/gongcenter.ch\/en\/wp-json\/wp\/v2\/product"}],"about":[{"href":"https:\/\/gongcenter.ch\/en\/wp-json\/wp\/v2\/types\/product"}],"wp:featuredmedia":[{"embeddable":true,"href":"https:\/\/gongcenter.ch\/en\/wp-json\/wp\/v2\/media\/36283"}],"wp:attachment":[{"href":"https:\/\/gongcenter.ch\/en\/wp-json\/wp\/v2\/media?parent=36584"}],"wp:term":[{"taxonomy":"product_brand","embeddable":true,"href":"https:\/\/gongcenter.ch\/en\/wp-json\/wp\/v2\/product_brand?post=36584"},{"taxonomy":"product_cat","embeddable":true,"href":"https:\/\/gongcenter.ch\/en\/wp-json\/wp\/v2\/product_cat?post=36584"},{"taxonomy":"product_tag","embeddable":true,"href":"https:\/\/gongcenter.ch\/en\/wp-json\/wp\/v2\/product_tag?post=36584"}],"curies":[{"name":"wp","href":"https:\/\/api.w.org\/{rel}","templated":true}]}}