{"id":36586,"date":"2025-03-27T17:33:19","date_gmt":"2025-03-27T16:33:19","guid":{"rendered":"https:\/\/gongcenter.ch\/?post_type=product&#038;p=36586"},"modified":"2025-04-02T16:42:16","modified_gmt":"2025-04-02T15:42:16","slug":"kotamo","status":"publish","type":"product","link":"https:\/\/gongcenter.ch\/en\/product\/kotamo\/","title":{"rendered":"Kotamo"},"content":{"rendered":"<h2>Klangwunder der Improvisation<\/h2>\n<p>Die Kotamo gibt es standardm&auml;&szlig;ig in drei verschiedenen L&auml;ngen und zwei Breiten. Weiterhin gibt es sie in <a href=\"https:\/\/meerklang-musikinstrumente.de\/produkt\/gewoelbte-kotamo\/\">gew&ouml;lbter<\/a> und <a href=\"https:\/\/meerklang-musikinstrumente.de\/produkt\/einseitige-kotamo\/\">einseitiger<\/a> Ausf&uuml;hrung.<\/p>\n<div class=\"fusion-text fusion-text-1\">\n<p>Das Ko-ta-mo ist eine Mischung aus drei verschiedenen Instrumenten: Koto, <a href=\"https:\/\/meerklang-musikinstrumente.de\/instrumente\/tambura\/\">Tambura<\/a> und <a href=\"https:\/\/meerklang-musikinstrumente.de\/instrumente\/monochord\/\">Monochord<\/a>. Das Monochord geht auf Pythagoras zur&uuml;ck und ist somit also europ&auml;ischer Herkunft, die Tambura ist ein indisches Begleitinstrument und die Koto ist ein japanisches Melodieinstrument.<\/p>\n<p>Die Spielweise ist relativ einfach. Vom ersten Moment an lassen sich sehr sch&ouml;ne Kl&auml;nge aus dem Instrument locken.<\/p>\n<p>Nat&uuml;rlich kann man die Kotamo auch mit klassischen Instrumenten wie Gitarre oder Geige kombinieren, wodurch oftmals ganz neue Klangr&auml;ume und Ideen entstehen.<\/p>\n<\/div>\n<p>&nbsp;<\/p>\n","protected":false},"excerpt":{"rendered":"Klangwunder der Improvisation Die Kotamo gibt es standardm&auml;&szlig;ig in drei verschiedenen L&auml;ngen und zwei Breiten. Weiterhin gibt es sie in gew&ouml;lbter und einseitiger Ausf&uuml;hrung. Das Ko-ta-mo ist eine Mischung aus drei verschiedenen Instrumenten: Koto, Tambura und Monochord. Das Monochord geht auf Pythagoras zur&uuml;ck und ist somit also europ&auml;ischer Herkunft, die Tambura ist ein indisches Begleitinstrument<a href=\"https:\/\/gongcenter.ch\/en\/product\/kotamo\/\" class=\"readmore\">Mehr  <i class=\"fa fa-angle-double-right\"><\/i><\/a>","protected":false},"featured_media":36289,"template":"","meta":[],"product_brand":[],"product_cat":[506,40],"product_tag":[],"class_list":{"0":"post-36586","1":"product","2":"type-product","3":"status-publish","4":"has-post-thumbnail","6":"product_cat-monochord-kotamo","7":"product_cat-klanginstrumente","9":"first","10":"instock","11":"taxable","12":"shipping-taxable","13":"purchasable","14":"product-type-variable"},"yoast_head":"<!-- This site is optimized with the Yoast SEO plugin v27.0 - https:\/\/yoast.com\/product\/yoast-seo-wordpress\/ -->\n<title>Kotamo - Gong Center Schweiz I Dein Gong und Klanginstrumente Fachgesch\u00e4ft<\/title>\n<meta name=\"robots\" content=\"index, follow, max-snippet:-1, max-image-preview:large, max-video-preview:-1\" \/>\n<link rel=\"canonical\" href=\"https:\/\/gongcenter.ch\/produkt\/kotamo\/\" \/>\n<meta property=\"og:locale\" content=\"en_US\" \/>\n<meta property=\"og:type\" content=\"article\" \/>\n<meta property=\"og:title\" content=\"Kotamo - Gong Center Schweiz I Dein Gong und Klanginstrumente Fachgesch\u00e4ft\" \/>\n<meta property=\"og:description\" content=\"Klangwunder der Improvisation Die Kotamo gibt es standardm&auml;&szlig;ig in drei verschiedenen L&auml;ngen und zwei Breiten. Weiterhin gibt es sie in gew&ouml;lbter und einseitiger Ausf&uuml;hrung. Das Ko-ta-mo ist eine Mischung aus drei verschiedenen Instrumenten: Koto, Tambura und Monochord. Das Monochord geht auf Pythagoras zur&uuml;ck und ist somit also europ&auml;ischer Herkunft, die Tambura ist ein indisches BegleitinstrumentMehr\" \/>\n<meta property=\"og:url\" content=\"https:\/\/gongcenter.ch\/produkt\/kotamo\/\" \/>\n<meta property=\"og:site_name\" content=\"Gong Center Schweiz I Dein Gong und Klanginstrumente Fachgesch\u00e4ft\" \/>\n<meta property=\"article:modified_time\" content=\"2025-04-02T15:42:16+00:00\" \/>\n<meta property=\"og:image\" content=\"https:\/\/gongcenter.ch\/app\/uploads\/2024\/12\/kotamo-oberseite-meerklang.jpg\" \/>\n\t<meta property=\"og:image:width\" content=\"1000\" \/>\n\t<meta property=\"og:image:height\" content=\"666\" \/>\n\t<meta property=\"og:image:type\" content=\"image\/jpeg\" \/>\n<meta name=\"twitter:card\" content=\"summary_large_image\" \/>\n<meta name=\"twitter:label1\" content=\"Est. reading time\" \/>\n\t<meta name=\"twitter:data1\" content=\"1 minute\" \/>\n<!-- \/ Yoast SEO plugin. -->","yoast_head_json":{"title":"Kotamo - Gong Center Schweiz I Dein Gong und Klanginstrumente Fachgesch\u00e4ft","robots":{"index":"index","follow":"follow","max-snippet":"max-snippet:-1","max-image-preview":"max-image-preview:large","max-video-preview":"max-video-preview:-1"},"canonical":"https:\/\/gongcenter.ch\/produkt\/kotamo\/","og_locale":"en_US","og_type":"article","og_title":"Kotamo - Gong Center Schweiz I Dein Gong und Klanginstrumente Fachgesch\u00e4ft","og_description":"Klangwunder der Improvisation Die Kotamo gibt es standardm&auml;&szlig;ig in drei verschiedenen L&auml;ngen und zwei Breiten. Weiterhin gibt es sie in gew&ouml;lbter und einseitiger Ausf&uuml;hrung. Das Ko-ta-mo ist eine Mischung aus drei verschiedenen Instrumenten: Koto, Tambura und Monochord. Das Monochord geht auf Pythagoras zur&uuml;ck und ist somit also europ&auml;ischer Herkunft, die Tambura ist ein indisches BegleitinstrumentMehr","og_url":"https:\/\/gongcenter.ch\/produkt\/kotamo\/","og_site_name":"Gong Center Schweiz I Dein Gong und Klanginstrumente Fachgesch\u00e4ft","article_modified_time":"2025-04-02T15:42:16+00:00","og_image":[{"width":1000,"height":666,"url":"https:\/\/gongcenter.ch\/app\/uploads\/2024\/12\/kotamo-oberseite-meerklang.jpg","type":"image\/jpeg"}],"twitter_card":"summary_large_image","twitter_misc":{"Est. reading time":"1 minute"},"schema":{"@context":"https:\/\/schema.org","@graph":[{"@type":"WebPage","@id":"https:\/\/gongcenter.ch\/produkt\/kotamo\/","url":"https:\/\/gongcenter.ch\/produkt\/kotamo\/","name":"Kotamo - Gong Center Schweiz I Dein Gong und Klanginstrumente Fachgesch\u00e4ft","isPartOf":{"@id":"https:\/\/gongcenter.ch\/#website"},"primaryImageOfPage":{"@id":"https:\/\/gongcenter.ch\/produkt\/kotamo\/#primaryimage"},"image":{"@id":"https:\/\/gongcenter.ch\/produkt\/kotamo\/#primaryimage"},"thumbnailUrl":"https:\/\/gongcenter.ch\/app\/uploads\/2024\/12\/kotamo-oberseite-meerklang.jpg","datePublished":"2025-03-27T16:33:19+00:00","dateModified":"2025-04-02T15:42:16+00:00","breadcrumb":{"@id":"https:\/\/gongcenter.ch\/produkt\/kotamo\/#breadcrumb"},"inLanguage":"en-US","potentialAction":[{"@type":"ReadAction","target":["https:\/\/gongcenter.ch\/produkt\/kotamo\/"]}]},{"@type":"ImageObject","inLanguage":"en-US","@id":"https:\/\/gongcenter.ch\/produkt\/kotamo\/#primaryimage","url":"https:\/\/gongcenter.ch\/app\/uploads\/2024\/12\/kotamo-oberseite-meerklang.jpg","contentUrl":"https:\/\/gongcenter.ch\/app\/uploads\/2024\/12\/kotamo-oberseite-meerklang.jpg","width":1000,"height":666},{"@type":"BreadcrumbList","@id":"https:\/\/gongcenter.ch\/produkt\/kotamo\/#breadcrumb","itemListElement":[{"@type":"ListItem","position":1,"name":"Startseite","item":"https:\/\/gongcenter.ch\/en\/"},{"@type":"ListItem","position":2,"name":"Shop","item":"https:\/\/gongcenter.ch\/en\/shop\/"},{"@type":"ListItem","position":3,"name":"Kotamo"}]},{"@type":"WebSite","@id":"https:\/\/gongcenter.ch\/#website","url":"https:\/\/gongcenter.ch\/","name":"Gong Center Schweiz I Dein Gong und Klanginstrumente Fachgesch\u00e4ft","description":"Entdecke eine grosse Gong Auswahl sowie weitere Klanginstrumente - Wir sind Gong Klangtherapeut und bieten dir Top Qualit\u00e4t und Beratung.","publisher":{"@id":"https:\/\/gongcenter.ch\/#organization"},"potentialAction":[{"@type":"SearchAction","target":{"@type":"EntryPoint","urlTemplate":"https:\/\/gongcenter.ch\/?s={search_term_string}"},"query-input":{"@type":"PropertyValueSpecification","valueRequired":true,"valueName":"search_term_string"}}],"inLanguage":"en-US"},{"@type":"Organization","@id":"https:\/\/gongcenter.ch\/#organization","name":"Gongcenter Z\u00fcrich I Das Fachgesch\u00e4ft f\u00fcr Gong und Klang","url":"https:\/\/gongcenter.ch\/","logo":{"@type":"ImageObject","inLanguage":"en-US","@id":"https:\/\/gongcenter.ch\/#\/schema\/logo\/image\/","url":"https:\/\/gongcenter.ch\/app\/uploads\/2018\/05\/Gong-Center_Logo_2000_black.png","contentUrl":"https:\/\/gongcenter.ch\/app\/uploads\/2018\/05\/Gong-Center_Logo_2000_black.png","width":2000,"height":600,"caption":"Gongcenter Z\u00fcrich I Das Fachgesch\u00e4ft f\u00fcr Gong und Klang"},"image":{"@id":"https:\/\/gongcenter.ch\/#\/schema\/logo\/image\/"}}]}},"acf":[],"_links":{"self":[{"href":"https:\/\/gongcenter.ch\/en\/wp-json\/wp\/v2\/product\/36586","targetHints":{"allow":["GET"]}}],"collection":[{"href":"https:\/\/gongcenter.ch\/en\/wp-json\/wp\/v2\/product"}],"about":[{"href":"https:\/\/gongcenter.ch\/en\/wp-json\/wp\/v2\/types\/product"}],"wp:featuredmedia":[{"embeddable":true,"href":"https:\/\/gongcenter.ch\/en\/wp-json\/wp\/v2\/media\/36289"}],"wp:attachment":[{"href":"https:\/\/gongcenter.ch\/en\/wp-json\/wp\/v2\/media?parent=36586"}],"wp:term":[{"taxonomy":"product_brand","embeddable":true,"href":"https:\/\/gongcenter.ch\/en\/wp-json\/wp\/v2\/product_brand?post=36586"},{"taxonomy":"product_cat","embeddable":true,"href":"https:\/\/gongcenter.ch\/en\/wp-json\/wp\/v2\/product_cat?post=36586"},{"taxonomy":"product_tag","embeddable":true,"href":"https:\/\/gongcenter.ch\/en\/wp-json\/wp\/v2\/product_tag?post=36586"}],"curies":[{"name":"wp","href":"https:\/\/api.w.org\/{rel}","templated":true}]}}