{"id":36644,"date":"2025-03-27T17:33:46","date_gmt":"2025-03-27T16:33:46","guid":{"rendered":"https:\/\/gongcenter.ch\/?post_type=product&#038;p=36644"},"modified":"2025-04-02T16:33:59","modified_gmt":"2025-04-02T15:33:59","slug":"bag-for-monochord-kotamo","status":"publish","type":"product","link":"https:\/\/gongcenter.ch\/en\/product\/bag-for-monochord-kotamo\/","title":{"rendered":"Bag for Monochord\/Kotamo"},"content":{"rendered":"<p>Die Taschen beziehen wir von unterschiedlichen Herstellern je nach Instrumententyp. Alle sind ausreichend gepolstert, um das Instrument auf dem Transport zu sch&uuml;tzen. Die Polsterung variiert zwischen 5-10 mm. Die Aussenhaut ist aus einem reissfestem, aber nicht wasserdichtem Polyestergewebe. Die meisten Taschen haben zus&auml;tzlich Schultertrageriemen.<\/p>\n","protected":false},"excerpt":{"rendered":"Die Taschen beziehen wir von unterschiedlichen Herstellern je nach Instrumententyp. Alle sind ausreichend gepolstert, um das Instrument auf dem Transport zu sch&uuml;tzen. Die Polsterung variiert zwischen 5-10 mm. Die Aussenhaut ist aus einem reissfestem, aber nicht wasserdichtem Polyestergewebe. Die meisten Taschen haben zus&auml;tzlich Schultertrageriemen.","protected":false},"featured_media":0,"template":"","meta":[],"product_brand":[],"product_cat":[506,40],"product_tag":[],"class_list":{"0":"post-36644","1":"product","2":"type-product","3":"status-publish","5":"product_cat-monochord-kotamo","6":"product_cat-klanginstrumente","8":"first","9":"instock","10":"taxable","11":"shipping-taxable","12":"purchasable","13":"product-type-variable"},"yoast_head":"<!-- This site is optimized with the Yoast SEO plugin v27.0 - https:\/\/yoast.com\/product\/yoast-seo-wordpress\/ -->\n<title>Bag for Monochord\/Kotamo - Gong Center Schweiz I Dein Gong und Klanginstrumente Fachgesch\u00e4ft<\/title>\n<meta name=\"robots\" content=\"index, follow, max-snippet:-1, max-image-preview:large, max-video-preview:-1\" \/>\n<link rel=\"canonical\" href=\"https:\/\/gongcenter.ch\/produkt\/bag-for-monochord-kotamo\/\" \/>\n<meta property=\"og:locale\" content=\"en_US\" \/>\n<meta property=\"og:type\" content=\"article\" \/>\n<meta property=\"og:title\" content=\"Bag for Monochord\/Kotamo - Gong Center Schweiz I Dein Gong und Klanginstrumente Fachgesch\u00e4ft\" \/>\n<meta property=\"og:description\" content=\"Die Taschen beziehen wir von unterschiedlichen Herstellern je nach Instrumententyp. Alle sind ausreichend gepolstert, um das Instrument auf dem Transport zu sch&uuml;tzen. Die Polsterung variiert zwischen 5-10 mm. Die Aussenhaut ist aus einem reissfestem, aber nicht wasserdichtem Polyestergewebe. Die meisten Taschen haben zus&auml;tzlich Schultertrageriemen.\" \/>\n<meta property=\"og:url\" content=\"https:\/\/gongcenter.ch\/produkt\/bag-for-monochord-kotamo\/\" \/>\n<meta property=\"og:site_name\" content=\"Gong Center Schweiz I Dein Gong und Klanginstrumente Fachgesch\u00e4ft\" \/>\n<meta property=\"article:modified_time\" content=\"2025-04-02T15:33:59+00:00\" \/>\n<meta name=\"twitter:card\" content=\"summary_large_image\" \/>\n<meta name=\"twitter:label1\" content=\"Est. reading time\" \/>\n\t<meta name=\"twitter:data1\" content=\"1 minute\" \/>\n<!-- \/ Yoast SEO plugin. -->","yoast_head_json":{"title":"Bag for Monochord\/Kotamo - Gong Center Schweiz I Dein Gong und Klanginstrumente Fachgesch\u00e4ft","robots":{"index":"index","follow":"follow","max-snippet":"max-snippet:-1","max-image-preview":"max-image-preview:large","max-video-preview":"max-video-preview:-1"},"canonical":"https:\/\/gongcenter.ch\/produkt\/bag-for-monochord-kotamo\/","og_locale":"en_US","og_type":"article","og_title":"Bag for Monochord\/Kotamo - Gong Center Schweiz I Dein Gong und Klanginstrumente Fachgesch\u00e4ft","og_description":"Die Taschen beziehen wir von unterschiedlichen Herstellern je nach Instrumententyp. Alle sind ausreichend gepolstert, um das Instrument auf dem Transport zu sch&uuml;tzen. Die Polsterung variiert zwischen 5-10 mm. Die Aussenhaut ist aus einem reissfestem, aber nicht wasserdichtem Polyestergewebe. Die meisten Taschen haben zus&auml;tzlich Schultertrageriemen.","og_url":"https:\/\/gongcenter.ch\/produkt\/bag-for-monochord-kotamo\/","og_site_name":"Gong Center Schweiz I Dein Gong und Klanginstrumente Fachgesch\u00e4ft","article_modified_time":"2025-04-02T15:33:59+00:00","twitter_card":"summary_large_image","twitter_misc":{"Est. reading time":"1 minute"},"schema":{"@context":"https:\/\/schema.org","@graph":[{"@type":"WebPage","@id":"https:\/\/gongcenter.ch\/produkt\/bag-for-monochord-kotamo\/","url":"https:\/\/gongcenter.ch\/produkt\/bag-for-monochord-kotamo\/","name":"Bag for Monochord\/Kotamo - Gong Center Schweiz I Dein Gong und Klanginstrumente Fachgesch\u00e4ft","isPartOf":{"@id":"https:\/\/gongcenter.ch\/#website"},"datePublished":"2025-03-27T16:33:46+00:00","dateModified":"2025-04-02T15:33:59+00:00","breadcrumb":{"@id":"https:\/\/gongcenter.ch\/produkt\/bag-for-monochord-kotamo\/#breadcrumb"},"inLanguage":"en-US","potentialAction":[{"@type":"ReadAction","target":["https:\/\/gongcenter.ch\/produkt\/bag-for-monochord-kotamo\/"]}]},{"@type":"BreadcrumbList","@id":"https:\/\/gongcenter.ch\/produkt\/bag-for-monochord-kotamo\/#breadcrumb","itemListElement":[{"@type":"ListItem","position":1,"name":"Startseite","item":"https:\/\/gongcenter.ch\/en\/"},{"@type":"ListItem","position":2,"name":"Shop","item":"https:\/\/gongcenter.ch\/en\/shop\/"},{"@type":"ListItem","position":3,"name":"Bag for Monochord\/Kotamo"}]},{"@type":"WebSite","@id":"https:\/\/gongcenter.ch\/#website","url":"https:\/\/gongcenter.ch\/","name":"Gong Center Schweiz I Dein Gong und Klanginstrumente Fachgesch\u00e4ft","description":"Entdecke eine grosse Gong Auswahl sowie weitere Klanginstrumente - Wir sind Gong Klangtherapeut und bieten dir Top Qualit\u00e4t und Beratung.","publisher":{"@id":"https:\/\/gongcenter.ch\/#organization"},"potentialAction":[{"@type":"SearchAction","target":{"@type":"EntryPoint","urlTemplate":"https:\/\/gongcenter.ch\/?s={search_term_string}"},"query-input":{"@type":"PropertyValueSpecification","valueRequired":true,"valueName":"search_term_string"}}],"inLanguage":"en-US"},{"@type":"Organization","@id":"https:\/\/gongcenter.ch\/#organization","name":"Gongcenter Z\u00fcrich I Das Fachgesch\u00e4ft f\u00fcr Gong und Klang","url":"https:\/\/gongcenter.ch\/","logo":{"@type":"ImageObject","inLanguage":"en-US","@id":"https:\/\/gongcenter.ch\/#\/schema\/logo\/image\/","url":"https:\/\/gongcenter.ch\/app\/uploads\/2018\/05\/Gong-Center_Logo_2000_black.png","contentUrl":"https:\/\/gongcenter.ch\/app\/uploads\/2018\/05\/Gong-Center_Logo_2000_black.png","width":2000,"height":600,"caption":"Gongcenter Z\u00fcrich I Das Fachgesch\u00e4ft f\u00fcr Gong und Klang"},"image":{"@id":"https:\/\/gongcenter.ch\/#\/schema\/logo\/image\/"}}]}},"acf":[],"_links":{"self":[{"href":"https:\/\/gongcenter.ch\/en\/wp-json\/wp\/v2\/product\/36644","targetHints":{"allow":["GET"]}}],"collection":[{"href":"https:\/\/gongcenter.ch\/en\/wp-json\/wp\/v2\/product"}],"about":[{"href":"https:\/\/gongcenter.ch\/en\/wp-json\/wp\/v2\/types\/product"}],"wp:attachment":[{"href":"https:\/\/gongcenter.ch\/en\/wp-json\/wp\/v2\/media?parent=36644"}],"wp:term":[{"taxonomy":"product_brand","embeddable":true,"href":"https:\/\/gongcenter.ch\/en\/wp-json\/wp\/v2\/product_brand?post=36644"},{"taxonomy":"product_cat","embeddable":true,"href":"https:\/\/gongcenter.ch\/en\/wp-json\/wp\/v2\/product_cat?post=36644"},{"taxonomy":"product_tag","embeddable":true,"href":"https:\/\/gongcenter.ch\/en\/wp-json\/wp\/v2\/product_tag?post=36644"}],"curies":[{"name":"wp","href":"https:\/\/api.w.org\/{rel}","templated":true}]}}