{"id":36648,"date":"2025-03-27T17:33:46","date_gmt":"2025-03-27T16:33:46","guid":{"rendered":"https:\/\/gongcenter.ch\/product\/klangstuhl-liege\/"},"modified":"2025-04-02T16:35:50","modified_gmt":"2025-04-02T15:35:50","slug":"klangstuhl-liege","status":"publish","type":"product","link":"https:\/\/gongcenter.ch\/en\/product\/klangstuhl-liege\/","title":{"rendered":"Klangstuhl-Liege"},"content":{"rendered":"<h2>Das Doppelinstrument: Stuhl und Liege<\/h2>\n<p>Die Besonderheit der Klangstuhl-Liege ist, dass es sich hierbei um ein Doppelinstrument handelt. Man kann es entweder als Klangstuhl oder als Klangliege aufbauen.<\/p>\n<p>Die Klangstuhl-Liege ist wie die Therapiemonochorde ein K&ouml;rperklanginstrument.&nbsp;Es wird vorwiegend therapeutisch eingesetzt. Einer legt oder setzt sich auf das Instrument und ein anderer spielt. Die Liegefl&auml;che bzw. R&uuml;ckenlehne ist leicht nach innen gew&ouml;lbt, was den Liege- und Sitzkomfort erh&ouml;ht und einem das Gef&uuml;hl gibt vollst&auml;ndig vom Klang umh&uuml;llt zu werden.<\/p>\n<p>Die Besonderheit der Klangstuhl-Liege ist, dass es sich hierbei um ein Doppelinstrument handelt. Man kann es entweder als Klangstuhl oder als Klangliege aufbauen. Mit wenigen Handgriffen&nbsp;(Umbau ca.&nbsp;10&nbsp;Minuten) lassen sich die verschiedenen Bauteile unterschiedlich zusammen setzen.<\/p>\n<p>Als dritte Variante kann man das Instrument auch mit der Spielebene nach oben aufbauen und es wie ein Standmonochord einsetzen.<\/p>\n<\/div>\n","protected":false},"excerpt":{"rendered":"Das Doppelinstrument: Stuhl und Liege Die Besonderheit der Klangstuhl-Liege ist, dass es sich hierbei um ein Doppelinstrument handelt. Man kann es entweder als Klangstuhl oder als Klangliege aufbauen. Die Klangstuhl-Liege ist wie die Therapiemonochorde ein K&ouml;rperklanginstrument.&nbsp;Es wird vorwiegend therapeutisch eingesetzt. Einer legt oder setzt sich auf das Instrument und ein anderer spielt. Die Liegefl&auml;che bzw.<a href=\"https:\/\/gongcenter.ch\/en\/product\/klangstuhl-liege\/\" class=\"readmore\">Mehr  <i class=\"fa fa-angle-double-right\"><\/i><\/a>","protected":false},"featured_media":36245,"template":"","meta":[],"product_brand":[],"product_cat":[506,40],"product_tag":[],"class_list":{"0":"post-36648","1":"product","2":"type-product","3":"status-publish","4":"has-post-thumbnail","6":"product_cat-monochord-kotamo","7":"product_cat-klanginstrumente","9":"first","10":"instock","11":"taxable","12":"shipping-taxable","13":"purchasable","14":"product-type-simple"},"yoast_head":"<!-- This site is optimized with the Yoast SEO plugin v27.0 - https:\/\/yoast.com\/product\/yoast-seo-wordpress\/ -->\n<title>Klangstuhl-Liege - Gong Center Schweiz I Dein Gong und Klanginstrumente Fachgesch\u00e4ft<\/title>\n<meta name=\"robots\" content=\"index, follow, max-snippet:-1, max-image-preview:large, max-video-preview:-1\" \/>\n<link rel=\"canonical\" href=\"https:\/\/gongcenter.ch\/produkt\/klangstuhl-liege\/\" \/>\n<meta property=\"og:locale\" content=\"en_US\" \/>\n<meta property=\"og:type\" content=\"article\" \/>\n<meta property=\"og:title\" content=\"Klangstuhl-Liege - Gong Center Schweiz I Dein Gong und Klanginstrumente Fachgesch\u00e4ft\" \/>\n<meta property=\"og:description\" content=\"Das Doppelinstrument: Stuhl und Liege Die Besonderheit der Klangstuhl-Liege ist, dass es sich hierbei um ein Doppelinstrument handelt. Man kann es entweder als Klangstuhl oder als Klangliege aufbauen. Die Klangstuhl-Liege ist wie die Therapiemonochorde ein K&ouml;rperklanginstrument.&nbsp;Es wird vorwiegend therapeutisch eingesetzt. Einer legt oder setzt sich auf das Instrument und ein anderer spielt. Die Liegefl&auml;che bzw.Mehr\" \/>\n<meta property=\"og:url\" content=\"https:\/\/gongcenter.ch\/produkt\/klangstuhl-liege\/\" \/>\n<meta property=\"og:site_name\" content=\"Gong Center Schweiz I Dein Gong und Klanginstrumente Fachgesch\u00e4ft\" \/>\n<meta property=\"article:modified_time\" content=\"2025-04-02T15:35:50+00:00\" \/>\n<meta property=\"og:image\" content=\"https:\/\/gongcenter.ch\/app\/uploads\/2024\/12\/klangstuhl-liege-schraegansicht-1-meerklang.jpg\" \/>\n\t<meta property=\"og:image:width\" content=\"1000\" \/>\n\t<meta property=\"og:image:height\" content=\"667\" \/>\n\t<meta property=\"og:image:type\" content=\"image\/jpeg\" \/>\n<meta name=\"twitter:card\" content=\"summary_large_image\" \/>\n<meta name=\"twitter:label1\" content=\"Est. reading time\" \/>\n\t<meta name=\"twitter:data1\" content=\"1 minute\" \/>\n<!-- \/ Yoast SEO plugin. -->","yoast_head_json":{"title":"Klangstuhl-Liege - Gong Center Schweiz I Dein Gong und Klanginstrumente Fachgesch\u00e4ft","robots":{"index":"index","follow":"follow","max-snippet":"max-snippet:-1","max-image-preview":"max-image-preview:large","max-video-preview":"max-video-preview:-1"},"canonical":"https:\/\/gongcenter.ch\/produkt\/klangstuhl-liege\/","og_locale":"en_US","og_type":"article","og_title":"Klangstuhl-Liege - Gong Center Schweiz I Dein Gong und Klanginstrumente Fachgesch\u00e4ft","og_description":"Das Doppelinstrument: Stuhl und Liege Die Besonderheit der Klangstuhl-Liege ist, dass es sich hierbei um ein Doppelinstrument handelt. Man kann es entweder als Klangstuhl oder als Klangliege aufbauen. Die Klangstuhl-Liege ist wie die Therapiemonochorde ein K&ouml;rperklanginstrument.&nbsp;Es wird vorwiegend therapeutisch eingesetzt. Einer legt oder setzt sich auf das Instrument und ein anderer spielt. Die Liegefl&auml;che bzw.Mehr","og_url":"https:\/\/gongcenter.ch\/produkt\/klangstuhl-liege\/","og_site_name":"Gong Center Schweiz I Dein Gong und Klanginstrumente Fachgesch\u00e4ft","article_modified_time":"2025-04-02T15:35:50+00:00","og_image":[{"width":1000,"height":667,"url":"https:\/\/gongcenter.ch\/app\/uploads\/2024\/12\/klangstuhl-liege-schraegansicht-1-meerklang.jpg","type":"image\/jpeg"}],"twitter_card":"summary_large_image","twitter_misc":{"Est. reading time":"1 minute"},"schema":{"@context":"https:\/\/schema.org","@graph":[{"@type":"WebPage","@id":"https:\/\/gongcenter.ch\/produkt\/klangstuhl-liege\/","url":"https:\/\/gongcenter.ch\/produkt\/klangstuhl-liege\/","name":"Klangstuhl-Liege - Gong Center Schweiz I Dein Gong und Klanginstrumente Fachgesch\u00e4ft","isPartOf":{"@id":"https:\/\/gongcenter.ch\/#website"},"primaryImageOfPage":{"@id":"https:\/\/gongcenter.ch\/produkt\/klangstuhl-liege\/#primaryimage"},"image":{"@id":"https:\/\/gongcenter.ch\/produkt\/klangstuhl-liege\/#primaryimage"},"thumbnailUrl":"https:\/\/gongcenter.ch\/app\/uploads\/2024\/12\/klangstuhl-liege-schraegansicht-1-meerklang.jpg","datePublished":"2025-03-27T16:33:46+00:00","dateModified":"2025-04-02T15:35:50+00:00","breadcrumb":{"@id":"https:\/\/gongcenter.ch\/produkt\/klangstuhl-liege\/#breadcrumb"},"inLanguage":"en-US","potentialAction":[{"@type":"ReadAction","target":["https:\/\/gongcenter.ch\/produkt\/klangstuhl-liege\/"]}]},{"@type":"ImageObject","inLanguage":"en-US","@id":"https:\/\/gongcenter.ch\/produkt\/klangstuhl-liege\/#primaryimage","url":"https:\/\/gongcenter.ch\/app\/uploads\/2024\/12\/klangstuhl-liege-schraegansicht-1-meerklang.jpg","contentUrl":"https:\/\/gongcenter.ch\/app\/uploads\/2024\/12\/klangstuhl-liege-schraegansicht-1-meerklang.jpg","width":1000,"height":667},{"@type":"BreadcrumbList","@id":"https:\/\/gongcenter.ch\/produkt\/klangstuhl-liege\/#breadcrumb","itemListElement":[{"@type":"ListItem","position":1,"name":"Startseite","item":"https:\/\/gongcenter.ch\/en\/"},{"@type":"ListItem","position":2,"name":"Shop","item":"https:\/\/gongcenter.ch\/en\/shop\/"},{"@type":"ListItem","position":3,"name":"Klangstuhl-Liege"}]},{"@type":"WebSite","@id":"https:\/\/gongcenter.ch\/#website","url":"https:\/\/gongcenter.ch\/","name":"Gong Center Schweiz I Dein Gong und Klanginstrumente Fachgesch\u00e4ft","description":"Entdecke eine grosse Gong Auswahl sowie weitere Klanginstrumente - Wir sind Gong Klangtherapeut und bieten dir Top Qualit\u00e4t und Beratung.","publisher":{"@id":"https:\/\/gongcenter.ch\/#organization"},"potentialAction":[{"@type":"SearchAction","target":{"@type":"EntryPoint","urlTemplate":"https:\/\/gongcenter.ch\/?s={search_term_string}"},"query-input":{"@type":"PropertyValueSpecification","valueRequired":true,"valueName":"search_term_string"}}],"inLanguage":"en-US"},{"@type":"Organization","@id":"https:\/\/gongcenter.ch\/#organization","name":"Gongcenter Z\u00fcrich I Das Fachgesch\u00e4ft f\u00fcr Gong und Klang","url":"https:\/\/gongcenter.ch\/","logo":{"@type":"ImageObject","inLanguage":"en-US","@id":"https:\/\/gongcenter.ch\/#\/schema\/logo\/image\/","url":"https:\/\/gongcenter.ch\/app\/uploads\/2018\/05\/Gong-Center_Logo_2000_black.png","contentUrl":"https:\/\/gongcenter.ch\/app\/uploads\/2018\/05\/Gong-Center_Logo_2000_black.png","width":2000,"height":600,"caption":"Gongcenter Z\u00fcrich I Das Fachgesch\u00e4ft f\u00fcr Gong und Klang"},"image":{"@id":"https:\/\/gongcenter.ch\/#\/schema\/logo\/image\/"}}]}},"acf":[],"_links":{"self":[{"href":"https:\/\/gongcenter.ch\/en\/wp-json\/wp\/v2\/product\/36648","targetHints":{"allow":["GET"]}}],"collection":[{"href":"https:\/\/gongcenter.ch\/en\/wp-json\/wp\/v2\/product"}],"about":[{"href":"https:\/\/gongcenter.ch\/en\/wp-json\/wp\/v2\/types\/product"}],"wp:featuredmedia":[{"embeddable":true,"href":"https:\/\/gongcenter.ch\/en\/wp-json\/wp\/v2\/media\/36245"}],"wp:attachment":[{"href":"https:\/\/gongcenter.ch\/en\/wp-json\/wp\/v2\/media?parent=36648"}],"wp:term":[{"taxonomy":"product_brand","embeddable":true,"href":"https:\/\/gongcenter.ch\/en\/wp-json\/wp\/v2\/product_brand?post=36648"},{"taxonomy":"product_cat","embeddable":true,"href":"https:\/\/gongcenter.ch\/en\/wp-json\/wp\/v2\/product_cat?post=36648"},{"taxonomy":"product_tag","embeddable":true,"href":"https:\/\/gongcenter.ch\/en\/wp-json\/wp\/v2\/product_tag?post=36648"}],"curies":[{"name":"wp","href":"https:\/\/api.w.org\/{rel}","templated":true}]}}