{"id":36852,"date":"2025-07-23T11:05:14","date_gmt":"2025-07-23T10:05:14","guid":{"rendered":"https:\/\/gongcenter.ch\/?post_type=product&#038;p=36852"},"modified":"2025-10-01T16:58:29","modified_gmt":"2025-10-01T15:58:29","slug":"goike-deep-symphonic-gong-28","status":"publish","type":"product","link":"https:\/\/gongcenter.ch\/en\/product\/goike-deep-symphonic-gong-28\/","title":{"rendered":"Goike Deep Symphonic Gong 28&#8243;"},"content":{"rendered":"<p class=\"\" data-start=\"335\" data-end=\"470\">Der <strong data-start=\"339\" data-end=\"375\">Goike Deep Symphonische Gong 28&#8243;<\/strong> beeindruckt durch seinen warmen, vollen Klang und einen tiefen Grundton, der den Raum tr\u00e4gt.<\/p>\n<p class=\"\" data-start=\"472\" data-end=\"660\">Als ungestimmter Gong entfaltet er ein reiches, organisches Klangspektrum, das sich stetig wandelt \u2013 wie die Jahresringe eines Baumes, in denen sich Zeit, Tiefe und Entwicklung spiegeln.<\/p>\n<p class=\"\" data-start=\"662\" data-end=\"818\">Er spricht alle Ebenen an: k\u00f6rperlich, emotional und spirituell \u2013 und l\u00e4dt dazu ein, sich im Klang zu verlieren und gleichzeitig bei sich selbst anzukommen.<\/p>\n<hr class=\"\" data-start=\"953\" data-end=\"956\" \/>\n<h3 class=\"\" data-start=\"958\" data-end=\"993\">\u2139\ufe0f <strong data-start=\"965\" data-end=\"991\">Wirkung &amp; Inspiration:<\/strong><\/h3>\n<p class=\"\" style=\"padding-left: 40px;\" data-start=\"994\" data-end=\"1152\">Diese Beschreibung basiert auf Erfahrung und soll dir als Wegweiser dienen. Die eigentliche Kraft entfaltet sich im Erleben \u2013 jede Frequenz wirkt individuell.<\/p>\n<hr class=\"\" data-start=\"1154\" data-end=\"1157\" \/>\n<h3 class=\"\" data-start=\"1159\" data-end=\"1186\"><strong data-start=\"1166\" data-end=\"1184\">Pflegehinweis:<\/strong><\/h3>\n<p class=\"\" style=\"padding-left: 40px;\" data-start=\"1187\" data-end=\"1388\">Gongs reagieren sensibel auf Ber\u00fchrung. Zur Pflege eignen sich Metall- oder Silberputzmittel. R\u00fcckst\u00e4nde sorgf\u00e4ltig entfernen, damit Mallets nicht verschmutzen. Der Klang bleibt stets unbeeintr\u00e4chtigt.<\/p>\n<hr class=\"\" data-start=\"1390\" data-end=\"1393\" \/>\n","protected":false},"excerpt":{"rendered":"Der Goike Deep Symphonische Gong 28&#8243; beeindruckt durch seinen warmen, vollen Klang und einen tiefen Grundton, der den Raum tr\u00e4gt. Als ungestimmter Gong entfaltet er ein reiches, organisches Klangspektrum, das sich stetig wandelt \u2013 wie die Jahresringe eines Baumes, in denen sich Zeit, Tiefe und Entwicklung spiegeln. Er spricht alle Ebenen an: k\u00f6rperlich, emotional und<a href=\"https:\/\/gongcenter.ch\/en\/product\/goike-deep-symphonic-gong-28\/\" class=\"readmore\">Mehr  <i class=\"fa fa-angle-double-right\"><\/i><\/a>","protected":false},"featured_media":36875,"template":"","meta":[],"product_brand":[],"product_cat":[1409,1411],"product_tag":[],"class_list":{"0":"post-36852","1":"product","2":"type-product","3":"status-publish","4":"has-post-thumbnail","6":"product_cat-goike-gongs","7":"product_cat-symphonische-gongs","8":"product_shipping_class-kostenloser-versand-innerhalb-der-schweiz","10":"first","11":"instock","12":"sold-individually","13":"taxable","14":"shipping-taxable","15":"purchasable","16":"product-type-simple"},"yoast_head":"<!-- This site is optimized with the Yoast SEO plugin v27.0 - https:\/\/yoast.com\/product\/yoast-seo-wordpress\/ -->\n<title>Goike Deep Symphonic Gong 28&quot; - Gong Center Schweiz I Dein Gong und Klanginstrumente Fachgesch\u00e4ft<\/title>\n<meta name=\"robots\" content=\"index, follow, max-snippet:-1, max-image-preview:large, max-video-preview:-1\" \/>\n<link rel=\"canonical\" href=\"https:\/\/gongcenter.ch\/produkt\/goike-deep-symphonic-gong-28\/\" \/>\n<meta property=\"og:locale\" content=\"en_US\" \/>\n<meta property=\"og:type\" content=\"article\" \/>\n<meta property=\"og:title\" content=\"Goike Deep Symphonic Gong 28&quot; - Gong Center Schweiz I Dein Gong und Klanginstrumente Fachgesch\u00e4ft\" \/>\n<meta property=\"og:description\" content=\"Der Goike Deep Symphonische Gong 28&#8243; beeindruckt durch seinen warmen, vollen Klang und einen tiefen Grundton, der den Raum tr\u00e4gt. Als ungestimmter Gong entfaltet er ein reiches, organisches Klangspektrum, das sich stetig wandelt \u2013 wie die Jahresringe eines Baumes, in denen sich Zeit, Tiefe und Entwicklung spiegeln. Er spricht alle Ebenen an: k\u00f6rperlich, emotional undMehr\" \/>\n<meta property=\"og:url\" content=\"https:\/\/gongcenter.ch\/produkt\/goike-deep-symphonic-gong-28\/\" \/>\n<meta property=\"og:site_name\" content=\"Gong Center Schweiz I Dein Gong und Klanginstrumente Fachgesch\u00e4ft\" \/>\n<meta property=\"article:modified_time\" content=\"2025-10-01T15:58:29+00:00\" \/>\n<meta property=\"og:image\" content=\"https:\/\/gongcenter.ch\/app\/uploads\/2025\/07\/goike-gong-25-produkt-003d-2048x2048-1-1024x1024.png\" \/>\n\t<meta property=\"og:image:width\" content=\"1024\" \/>\n\t<meta property=\"og:image:height\" content=\"1024\" \/>\n\t<meta property=\"og:image:type\" content=\"image\/png\" \/>\n<meta name=\"twitter:card\" content=\"summary_large_image\" \/>\n<meta name=\"twitter:label1\" content=\"Est. reading time\" \/>\n\t<meta name=\"twitter:data1\" content=\"1 minute\" \/>\n<!-- \/ Yoast SEO plugin. -->","yoast_head_json":{"title":"Goike Deep Symphonic Gong 28\" - Gong Center Schweiz I Dein Gong und Klanginstrumente Fachgesch\u00e4ft","robots":{"index":"index","follow":"follow","max-snippet":"max-snippet:-1","max-image-preview":"max-image-preview:large","max-video-preview":"max-video-preview:-1"},"canonical":"https:\/\/gongcenter.ch\/produkt\/goike-deep-symphonic-gong-28\/","og_locale":"en_US","og_type":"article","og_title":"Goike Deep Symphonic Gong 28\" - Gong Center Schweiz I Dein Gong und Klanginstrumente Fachgesch\u00e4ft","og_description":"Der Goike Deep Symphonische Gong 28&#8243; beeindruckt durch seinen warmen, vollen Klang und einen tiefen Grundton, der den Raum tr\u00e4gt. Als ungestimmter Gong entfaltet er ein reiches, organisches Klangspektrum, das sich stetig wandelt \u2013 wie die Jahresringe eines Baumes, in denen sich Zeit, Tiefe und Entwicklung spiegeln. Er spricht alle Ebenen an: k\u00f6rperlich, emotional undMehr","og_url":"https:\/\/gongcenter.ch\/produkt\/goike-deep-symphonic-gong-28\/","og_site_name":"Gong Center Schweiz I Dein Gong und Klanginstrumente Fachgesch\u00e4ft","article_modified_time":"2025-10-01T15:58:29+00:00","og_image":[{"width":1024,"height":1024,"url":"https:\/\/gongcenter.ch\/app\/uploads\/2025\/07\/goike-gong-25-produkt-003d-2048x2048-1-1024x1024.png","type":"image\/png"}],"twitter_card":"summary_large_image","twitter_misc":{"Est. reading time":"1 minute"},"schema":{"@context":"https:\/\/schema.org","@graph":[{"@type":"WebPage","@id":"https:\/\/gongcenter.ch\/produkt\/goike-deep-symphonic-gong-28\/","url":"https:\/\/gongcenter.ch\/produkt\/goike-deep-symphonic-gong-28\/","name":"Goike Deep Symphonic Gong 28\" - Gong Center Schweiz I Dein Gong und Klanginstrumente Fachgesch\u00e4ft","isPartOf":{"@id":"https:\/\/gongcenter.ch\/#website"},"primaryImageOfPage":{"@id":"https:\/\/gongcenter.ch\/produkt\/goike-deep-symphonic-gong-28\/#primaryimage"},"image":{"@id":"https:\/\/gongcenter.ch\/produkt\/goike-deep-symphonic-gong-28\/#primaryimage"},"thumbnailUrl":"https:\/\/gongcenter.ch\/app\/uploads\/2025\/07\/goike-gong-25-produkt-003d-2048x2048-1.png","datePublished":"2025-07-23T10:05:14+00:00","dateModified":"2025-10-01T15:58:29+00:00","breadcrumb":{"@id":"https:\/\/gongcenter.ch\/produkt\/goike-deep-symphonic-gong-28\/#breadcrumb"},"inLanguage":"en-US","potentialAction":[{"@type":"ReadAction","target":["https:\/\/gongcenter.ch\/produkt\/goike-deep-symphonic-gong-28\/"]}]},{"@type":"ImageObject","inLanguage":"en-US","@id":"https:\/\/gongcenter.ch\/produkt\/goike-deep-symphonic-gong-28\/#primaryimage","url":"https:\/\/gongcenter.ch\/app\/uploads\/2025\/07\/goike-gong-25-produkt-003d-2048x2048-1.png","contentUrl":"https:\/\/gongcenter.ch\/app\/uploads\/2025\/07\/goike-gong-25-produkt-003d-2048x2048-1.png","width":2048,"height":2048},{"@type":"BreadcrumbList","@id":"https:\/\/gongcenter.ch\/produkt\/goike-deep-symphonic-gong-28\/#breadcrumb","itemListElement":[{"@type":"ListItem","position":1,"name":"Startseite","item":"https:\/\/gongcenter.ch\/en\/"},{"@type":"ListItem","position":2,"name":"Shop","item":"https:\/\/gongcenter.ch\/en\/shop\/"},{"@type":"ListItem","position":3,"name":"Goike Deep Symphonic Gong 28&#8243;"}]},{"@type":"WebSite","@id":"https:\/\/gongcenter.ch\/#website","url":"https:\/\/gongcenter.ch\/","name":"Gong Center Schweiz I Dein Gong und Klanginstrumente Fachgesch\u00e4ft","description":"Entdecke eine grosse Gong Auswahl sowie weitere Klanginstrumente - Wir sind Gong Klangtherapeut und bieten dir Top Qualit\u00e4t und Beratung.","publisher":{"@id":"https:\/\/gongcenter.ch\/#organization"},"potentialAction":[{"@type":"SearchAction","target":{"@type":"EntryPoint","urlTemplate":"https:\/\/gongcenter.ch\/?s={search_term_string}"},"query-input":{"@type":"PropertyValueSpecification","valueRequired":true,"valueName":"search_term_string"}}],"inLanguage":"en-US"},{"@type":"Organization","@id":"https:\/\/gongcenter.ch\/#organization","name":"Gongcenter Z\u00fcrich I Das Fachgesch\u00e4ft f\u00fcr Gong und Klang","url":"https:\/\/gongcenter.ch\/","logo":{"@type":"ImageObject","inLanguage":"en-US","@id":"https:\/\/gongcenter.ch\/#\/schema\/logo\/image\/","url":"https:\/\/gongcenter.ch\/app\/uploads\/2018\/05\/Gong-Center_Logo_2000_black.png","contentUrl":"https:\/\/gongcenter.ch\/app\/uploads\/2018\/05\/Gong-Center_Logo_2000_black.png","width":2000,"height":600,"caption":"Gongcenter Z\u00fcrich I Das Fachgesch\u00e4ft f\u00fcr Gong und Klang"},"image":{"@id":"https:\/\/gongcenter.ch\/#\/schema\/logo\/image\/"}}]}},"acf":[],"_links":{"self":[{"href":"https:\/\/gongcenter.ch\/en\/wp-json\/wp\/v2\/product\/36852","targetHints":{"allow":["GET"]}}],"collection":[{"href":"https:\/\/gongcenter.ch\/en\/wp-json\/wp\/v2\/product"}],"about":[{"href":"https:\/\/gongcenter.ch\/en\/wp-json\/wp\/v2\/types\/product"}],"wp:featuredmedia":[{"embeddable":true,"href":"https:\/\/gongcenter.ch\/en\/wp-json\/wp\/v2\/media\/36875"}],"wp:attachment":[{"href":"https:\/\/gongcenter.ch\/en\/wp-json\/wp\/v2\/media?parent=36852"}],"wp:term":[{"taxonomy":"product_brand","embeddable":true,"href":"https:\/\/gongcenter.ch\/en\/wp-json\/wp\/v2\/product_brand?post=36852"},{"taxonomy":"product_cat","embeddable":true,"href":"https:\/\/gongcenter.ch\/en\/wp-json\/wp\/v2\/product_cat?post=36852"},{"taxonomy":"product_tag","embeddable":true,"href":"https:\/\/gongcenter.ch\/en\/wp-json\/wp\/v2\/product_tag?post=36852"}],"curies":[{"name":"wp","href":"https:\/\/api.w.org\/{rel}","templated":true}]}}