{"id":36882,"date":"2025-10-03T12:48:49","date_gmt":"2025-10-03T11:48:49","guid":{"rendered":"https:\/\/gongcenter.ch\/?post_type=product&#038;p=36882"},"modified":"2025-10-03T17:14:38","modified_gmt":"2025-10-03T16:14:38","slug":"tam-tam-gong-staender-mit-raeder","status":"publish","type":"product","link":"https:\/\/gongcenter.ch\/en\/product\/tam-tam-gong-staender-mit-raeder\/","title":{"rendered":"Tam Tam Gongst\u00e4nder mit R\u00e4der"},"content":{"rendered":"<p data-start=\"173\" data-end=\"477\">Der Tam Tam Gongst\u00e4nder mit R\u00e4dern ist die ideale L\u00f6sung f\u00fcr Musiker, Klangtherapeuten und Studios, die Wert auf Stabilit\u00e4t und Flexibilit\u00e4t legen. Gefertigt aus hochwertigem Stahl, bietet er sicheren Halt f\u00fcr Gongs bis 48 Zoll Durchmesser und l\u00e4sst sich gleichzeitig leicht bewegen und transportieren.<\/p>\n<p data-start=\"479\" data-end=\"814\">Mit drei verstellbaren H\u00f6henoptionen positionierst du deinen Gong exakt so, wie du ihn brauchst \u2013 ob f\u00fcr Konzerte, Klangb\u00e4der oder Studioaufnahmen. Feste Aufh\u00e4ngehaken und robuste Fl\u00fcgelmuttern machen das Aufstellen einfach und zuverl\u00e4ssig. Die feststellbaren R\u00e4der garantieren Mobilit\u00e4t, ohne dass die Standfestigkeit verloren geht.<\/p>\n<p data-start=\"816\" data-end=\"1041\">Der Gongst\u00e4nder ist schnell zerlegt, kompakt im Transport und bew\u00e4hrt sich sowohl im professionellen Einsatz als auch bei therapeutischen Anwendungen. Ein praktischer, langlebiger Begleiter f\u00fcr alle, die mit Gongs arbeiten.<\/p>\n","protected":false},"excerpt":{"rendered":"Erh\u00e4ltlich f\u00fcr die Gong-Gr\u00f6ssen bis 120 cm \u00d8","protected":false},"featured_media":36892,"template":"","meta":[],"product_brand":[],"product_cat":[64],"product_tag":[],"class_list":{"0":"post-36882","1":"product","2":"type-product","3":"status-publish","4":"has-post-thumbnail","6":"product_cat-gongstander","7":"product_shipping_class-bis-199-chf-9-90-chf","8":"pa_groesse-90cm-36","9":"pa_groesse-100cm-40","10":"pa_groesse-110cm-44-the-gongstand-for-300","11":"pa_groesse-120cm-48","12":"pa_groesse-76-cm-o-30","13":"pa_groesse-51-56-cm-o-20-22","14":"pa_groesse-61-66-cm-o-24-26","15":"pa_groesse-81-86-cm-o-32-34","16":"pa_groesse-91-102-cm-o-36-40","17":"pa_groesse-120-cm-o-50","19":"first","20":"instock","21":"taxable","22":"shipping-taxable","23":"purchasable","24":"product-type-variable"},"yoast_head":"<!-- This site is optimized with the Yoast SEO plugin v27.0 - https:\/\/yoast.com\/product\/yoast-seo-wordpress\/ -->\n<title>Tam Tam Gongst\u00e4nder mit R\u00e4dern | Stabil, verstellbar &amp; mobil<\/title>\n<meta name=\"description\" content=\"Robuster Gongst\u00e4nderl f\u00fcr Gongs bis 48 Zoll. Mit verstellbarer H\u00f6he, sicheren R\u00e4dern und leichtem Transport \u2013 perfekt f\u00fcr Musiker, Klangtherapie &amp; Studio.\" \/>\n<meta name=\"robots\" content=\"index, follow, max-snippet:-1, max-image-preview:large, max-video-preview:-1\" \/>\n<link rel=\"canonical\" href=\"https:\/\/gongcenter.ch\/produkt\/tam-tam-gong-staender-mit-raeder\/\" \/>\n<meta property=\"og:locale\" content=\"en_US\" \/>\n<meta property=\"og:type\" content=\"article\" \/>\n<meta property=\"og:title\" content=\"Tam Tam Gongst\u00e4nder mit R\u00e4dern | Stabil, verstellbar &amp; mobil\" \/>\n<meta property=\"og:description\" content=\"Robuster Gongst\u00e4nderl f\u00fcr Gongs bis 48 Zoll. Mit verstellbarer H\u00f6he, sicheren R\u00e4dern und leichtem Transport \u2013 perfekt f\u00fcr Musiker, Klangtherapie &amp; Studio.\" \/>\n<meta property=\"og:url\" content=\"https:\/\/gongcenter.ch\/produkt\/tam-tam-gong-staender-mit-raeder\/\" \/>\n<meta property=\"og:site_name\" content=\"Gong Center Schweiz I Dein Gong und Klanginstrumente Fachgesch\u00e4ft\" \/>\n<meta property=\"article:modified_time\" content=\"2025-10-03T16:14:38+00:00\" \/>\n<meta property=\"og:image\" content=\"https:\/\/gongcenter.ch\/app\/uploads\/2025\/10\/gongstand-xingsir.jpg\" \/>\n\t<meta property=\"og:image:width\" content=\"1200\" \/>\n\t<meta property=\"og:image:height\" content=\"1200\" \/>\n\t<meta property=\"og:image:type\" content=\"image\/jpeg\" \/>\n<meta name=\"twitter:card\" content=\"summary_large_image\" \/>\n<meta name=\"twitter:label1\" content=\"Est. reading time\" \/>\n\t<meta name=\"twitter:data1\" content=\"1 minute\" \/>\n<!-- \/ Yoast SEO plugin. -->","yoast_head_json":{"title":"Tam Tam Gongst\u00e4nder mit R\u00e4dern | Stabil, verstellbar & mobil","description":"Robuster Gongst\u00e4nderl f\u00fcr Gongs bis 48 Zoll. Mit verstellbarer H\u00f6he, sicheren R\u00e4dern und leichtem Transport \u2013 perfekt f\u00fcr Musiker, Klangtherapie & Studio.","robots":{"index":"index","follow":"follow","max-snippet":"max-snippet:-1","max-image-preview":"max-image-preview:large","max-video-preview":"max-video-preview:-1"},"canonical":"https:\/\/gongcenter.ch\/produkt\/tam-tam-gong-staender-mit-raeder\/","og_locale":"en_US","og_type":"article","og_title":"Tam Tam Gongst\u00e4nder mit R\u00e4dern | Stabil, verstellbar & mobil","og_description":"Robuster Gongst\u00e4nderl f\u00fcr Gongs bis 48 Zoll. Mit verstellbarer H\u00f6he, sicheren R\u00e4dern und leichtem Transport \u2013 perfekt f\u00fcr Musiker, Klangtherapie & Studio.","og_url":"https:\/\/gongcenter.ch\/produkt\/tam-tam-gong-staender-mit-raeder\/","og_site_name":"Gong Center Schweiz I Dein Gong und Klanginstrumente Fachgesch\u00e4ft","article_modified_time":"2025-10-03T16:14:38+00:00","og_image":[{"width":1200,"height":1200,"url":"https:\/\/gongcenter.ch\/app\/uploads\/2025\/10\/gongstand-xingsir.jpg","type":"image\/jpeg"}],"twitter_card":"summary_large_image","twitter_misc":{"Est. reading time":"1 minute"},"schema":{"@context":"https:\/\/schema.org","@graph":[{"@type":"WebPage","@id":"https:\/\/gongcenter.ch\/produkt\/tam-tam-gong-staender-mit-raeder\/","url":"https:\/\/gongcenter.ch\/produkt\/tam-tam-gong-staender-mit-raeder\/","name":"Tam Tam Gongst\u00e4nder mit R\u00e4dern | Stabil, verstellbar & mobil","isPartOf":{"@id":"https:\/\/gongcenter.ch\/#website"},"primaryImageOfPage":{"@id":"https:\/\/gongcenter.ch\/produkt\/tam-tam-gong-staender-mit-raeder\/#primaryimage"},"image":{"@id":"https:\/\/gongcenter.ch\/produkt\/tam-tam-gong-staender-mit-raeder\/#primaryimage"},"thumbnailUrl":"https:\/\/gongcenter.ch\/app\/uploads\/2025\/10\/gongstand-xingsir.jpg","datePublished":"2025-10-03T11:48:49+00:00","dateModified":"2025-10-03T16:14:38+00:00","description":"Robuster Gongst\u00e4nderl f\u00fcr Gongs bis 48 Zoll. Mit verstellbarer H\u00f6he, sicheren R\u00e4dern und leichtem Transport \u2013 perfekt f\u00fcr Musiker, Klangtherapie & Studio.","breadcrumb":{"@id":"https:\/\/gongcenter.ch\/produkt\/tam-tam-gong-staender-mit-raeder\/#breadcrumb"},"inLanguage":"en-US","potentialAction":[{"@type":"ReadAction","target":["https:\/\/gongcenter.ch\/produkt\/tam-tam-gong-staender-mit-raeder\/"]}]},{"@type":"ImageObject","inLanguage":"en-US","@id":"https:\/\/gongcenter.ch\/produkt\/tam-tam-gong-staender-mit-raeder\/#primaryimage","url":"https:\/\/gongcenter.ch\/app\/uploads\/2025\/10\/gongstand-xingsir.jpg","contentUrl":"https:\/\/gongcenter.ch\/app\/uploads\/2025\/10\/gongstand-xingsir.jpg","width":1200,"height":1200},{"@type":"BreadcrumbList","@id":"https:\/\/gongcenter.ch\/produkt\/tam-tam-gong-staender-mit-raeder\/#breadcrumb","itemListElement":[{"@type":"ListItem","position":1,"name":"Startseite","item":"https:\/\/gongcenter.ch\/en\/"},{"@type":"ListItem","position":2,"name":"Shop","item":"https:\/\/gongcenter.ch\/en\/shop\/"},{"@type":"ListItem","position":3,"name":"Tam Tam Gongst\u00e4nder mit R\u00e4der"}]},{"@type":"WebSite","@id":"https:\/\/gongcenter.ch\/#website","url":"https:\/\/gongcenter.ch\/","name":"Gong Center Schweiz I Dein Gong und Klanginstrumente Fachgesch\u00e4ft","description":"Entdecke eine grosse Gong Auswahl sowie weitere Klanginstrumente - Wir sind Gong Klangtherapeut und bieten dir Top Qualit\u00e4t und Beratung.","publisher":{"@id":"https:\/\/gongcenter.ch\/#organization"},"potentialAction":[{"@type":"SearchAction","target":{"@type":"EntryPoint","urlTemplate":"https:\/\/gongcenter.ch\/?s={search_term_string}"},"query-input":{"@type":"PropertyValueSpecification","valueRequired":true,"valueName":"search_term_string"}}],"inLanguage":"en-US"},{"@type":"Organization","@id":"https:\/\/gongcenter.ch\/#organization","name":"Gongcenter Z\u00fcrich I Das Fachgesch\u00e4ft f\u00fcr Gong und Klang","url":"https:\/\/gongcenter.ch\/","logo":{"@type":"ImageObject","inLanguage":"en-US","@id":"https:\/\/gongcenter.ch\/#\/schema\/logo\/image\/","url":"https:\/\/gongcenter.ch\/app\/uploads\/2018\/05\/Gong-Center_Logo_2000_black.png","contentUrl":"https:\/\/gongcenter.ch\/app\/uploads\/2018\/05\/Gong-Center_Logo_2000_black.png","width":2000,"height":600,"caption":"Gongcenter Z\u00fcrich I Das Fachgesch\u00e4ft f\u00fcr Gong und Klang"},"image":{"@id":"https:\/\/gongcenter.ch\/#\/schema\/logo\/image\/"}}]}},"acf":[],"_links":{"self":[{"href":"https:\/\/gongcenter.ch\/en\/wp-json\/wp\/v2\/product\/36882","targetHints":{"allow":["GET"]}}],"collection":[{"href":"https:\/\/gongcenter.ch\/en\/wp-json\/wp\/v2\/product"}],"about":[{"href":"https:\/\/gongcenter.ch\/en\/wp-json\/wp\/v2\/types\/product"}],"wp:featuredmedia":[{"embeddable":true,"href":"https:\/\/gongcenter.ch\/en\/wp-json\/wp\/v2\/media\/36892"}],"wp:attachment":[{"href":"https:\/\/gongcenter.ch\/en\/wp-json\/wp\/v2\/media?parent=36882"}],"wp:term":[{"taxonomy":"product_brand","embeddable":true,"href":"https:\/\/gongcenter.ch\/en\/wp-json\/wp\/v2\/product_brand?post=36882"},{"taxonomy":"product_cat","embeddable":true,"href":"https:\/\/gongcenter.ch\/en\/wp-json\/wp\/v2\/product_cat?post=36882"},{"taxonomy":"product_tag","embeddable":true,"href":"https:\/\/gongcenter.ch\/en\/wp-json\/wp\/v2\/product_tag?post=36882"}],"curies":[{"name":"wp","href":"https:\/\/api.w.org\/{rel}","templated":true}]}}