{"id":36913,"date":"2025-11-07T14:42:32","date_gmt":"2025-11-07T13:42:32","guid":{"rendered":"https:\/\/gongcenter.ch\/?post_type=product&#038;p=36913"},"modified":"2026-01-12T15:02:24","modified_gmt":"2026-01-12T14:02:24","slug":"paiste-symphonic-gong-32","status":"publish","type":"product","link":"https:\/\/gongcenter.ch\/en\/product\/paiste-symphonic-gong-32\/","title":{"rendered":"PAISTE Symphonic Gong 32&#8243;"},"content":{"rendered":"<p class=\"\" data-start=\"130\" data-end=\"369\"><strong data-start=\"130\" data-end=\"169\">Dieser symphonische Gong von PAISTE<\/strong> ist flach gearbeitet und besitzt eine harmonische, universelle Klangstruktur. Sein Schwingungsverlauf bietet ein ausgewogenes Klangspektrum, das sich je nach Anschlagtechnik individuell formen l\u00e4sst.<\/p>\n<p class=\"\" data-start=\"371\" data-end=\"533\">Sein Klangvolumen reicht von sanft atmenden Obert\u00f6nen bis zu kraftvollen, wellenartigen Resonanzen \u2013 ideal f\u00fcr Meditation, Klangheilung und intuitive Klangreisen.<\/p>\n<p class=\"\" data-start=\"535\" data-end=\"854\">Die moderne Wissenschaft best\u00e4tigt, dass harmonische Naturtonkl\u00e4nge die Qualit\u00e4t innerer Absichten in den Raum \u00fcbertragen k\u00f6nnen. So l\u00e4sst sich beim Spiel mit diesem PAISTE Gong bewusst Fantasie, Kreativit\u00e4t, Inspiration und pers\u00f6nliche Intention einfliessen \u2013 Klang wird zur bewussten Ausdrucksform deiner inneren Welt.<\/p>\n<h3 class=\"\" data-start=\"713\" data-end=\"748\">&#x2139;&#xfe0f; <strong data-start=\"720\" data-end=\"746\">Wirkung &amp; Inspiration:<\/strong><\/h3>\n<p class=\"\" style=\"padding-left: 40px;\" data-start=\"749\" data-end=\"960\">Die Beschreibungen basieren auf langj\u00e4hriger Erfahrung und dienen als Inspiration. Die tats\u00e4chliche Wirkung entfaltet sich individuell durch dein pers\u00f6nliches Erleben.\u200b<\/p>\n<hr class=\"\" data-start=\"962\" data-end=\"965\" \/>\n<h3 class=\"\" data-start=\"967\" data-end=\"994\"><strong data-start=\"974\" data-end=\"992\">Pflegehinweis:<\/strong><\/h3>\n<p class=\"\" style=\"padding-left: 40px;\" data-start=\"995\" data-end=\"1272\">Gongs reagieren sensibel auf Ber\u00fchrung. Zur Pflege eignen sich Metall- oder Silberputzmittel. R\u00fcckst\u00e4nde sollten sorgf\u00e4ltig entfernt werden, um Verschmutzungen der Schl\u00e4gel zu vermeiden. Der Klang bleibt dabei stets unbeeintr\u00e4chtigt.\u200b<\/p>\n","protected":false},"excerpt":{"rendered":"Den PAISTE Symphonic Gong verkaufen wir standardm\u00e4ssig ohne Logo. Wenn Du einen Symphonic Gong mit PAISTE Logo m\u00f6chtest, teile uns dies bitte ausdr\u00fccklich mit. Wenn die Gr\u00f6sse nicht vorr\u00e4tig ist, gibt es lange Wartezeiten.","protected":false},"featured_media":29210,"template":"","meta":[],"product_brand":[],"product_cat":[626,678],"product_tag":[],"class_list":{"0":"post-36913","1":"product","2":"type-product","3":"status-publish","4":"has-post-thumbnail","6":"product_cat-paiste-gongs","7":"product_cat-symphonic-gong-paiste-gongs","8":"product_shipping_class-kostenloser-versand-innerhalb-der-schweiz","9":"pa_groesse-20-50-8-cm-o","10":"pa_groesse-22-55-9-cm-o","11":"pa_groesse-24-62-cm","12":"pa_groesse-26-66-cm","13":"pa_groesse-28-71-cm","14":"pa_groesse-30-75-cm","15":"pa_groesse-32-81-cm-o","16":"pa_groesse-34-86cm","17":"pa_groesse-36-90-cm-o","18":"pa_groesse-38-95-cm-o","19":"pa_groesse-40-100-cm-o","20":"pa_groesse-50-127-cm-o","21":"pa_groesse-60-154-cm","22":"pa_groesse-80-203-cm-oe","24":"first","25":"instock","26":"sold-individually","27":"taxable","28":"shipping-taxable","29":"purchasable","30":"product-type-simple"},"yoast_head":"<!-- This site is optimized with the Yoast SEO plugin v27.0 - https:\/\/yoast.com\/product\/yoast-seo-wordpress\/ -->\n<title>PAISTE Symphonic Gong ohne Logo. Der ideale Gong f\u00fcr dich.<\/title>\n<meta name=\"description\" content=\"Der PAISTE Symphonic Gong ist der Allrounder schlechthin. Er eignet sich besonders f\u00fcr zu Hause, Meditation, Therapie und Yoga.\" \/>\n<meta name=\"robots\" content=\"index, follow, max-snippet:-1, max-image-preview:large, max-video-preview:-1\" \/>\n<link rel=\"canonical\" href=\"https:\/\/gongcenter.ch\/produkt\/paiste-symphonic-gong-32\/\" \/>\n<meta property=\"og:locale\" content=\"en_US\" \/>\n<meta property=\"og:type\" content=\"article\" \/>\n<meta property=\"og:title\" content=\"PAISTE Symphonic Gong ohne Logo. Der ideale Gong f\u00fcr dich.\" \/>\n<meta property=\"og:description\" content=\"Der PAISTE Symphonic Gong ist der Allrounder schlechthin. Er eignet sich besonders f\u00fcr zu Hause, Meditation, Therapie und Yoga.\" \/>\n<meta property=\"og:url\" content=\"https:\/\/gongcenter.ch\/produkt\/paiste-symphonic-gong-32\/\" \/>\n<meta property=\"og:site_name\" content=\"Gong Center Schweiz I Dein Gong und Klanginstrumente Fachgesch\u00e4ft\" \/>\n<meta property=\"article:modified_time\" content=\"2026-01-12T14:02:24+00:00\" \/>\n<meta property=\"og:image\" content=\"https:\/\/gongcenter.ch\/app\/uploads\/2022\/09\/Paiste-No-Logo-2.png\" \/>\n\t<meta property=\"og:image:width\" content=\"600\" \/>\n\t<meta property=\"og:image:height\" content=\"600\" \/>\n\t<meta property=\"og:image:type\" content=\"image\/png\" \/>\n<meta name=\"twitter:card\" content=\"summary_large_image\" \/>\n<meta name=\"twitter:label1\" content=\"Est. reading time\" \/>\n\t<meta name=\"twitter:data1\" content=\"1 minute\" \/>\n<!-- \/ Yoast SEO plugin. -->","yoast_head_json":{"title":"PAISTE Symphonic Gong ohne Logo. Der ideale Gong f\u00fcr dich.","description":"Der PAISTE Symphonic Gong ist der Allrounder schlechthin. Er eignet sich besonders f\u00fcr zu Hause, Meditation, Therapie und Yoga.","robots":{"index":"index","follow":"follow","max-snippet":"max-snippet:-1","max-image-preview":"max-image-preview:large","max-video-preview":"max-video-preview:-1"},"canonical":"https:\/\/gongcenter.ch\/produkt\/paiste-symphonic-gong-32\/","og_locale":"en_US","og_type":"article","og_title":"PAISTE Symphonic Gong ohne Logo. Der ideale Gong f\u00fcr dich.","og_description":"Der PAISTE Symphonic Gong ist der Allrounder schlechthin. Er eignet sich besonders f\u00fcr zu Hause, Meditation, Therapie und Yoga.","og_url":"https:\/\/gongcenter.ch\/produkt\/paiste-symphonic-gong-32\/","og_site_name":"Gong Center Schweiz I Dein Gong und Klanginstrumente Fachgesch\u00e4ft","article_modified_time":"2026-01-12T14:02:24+00:00","og_image":[{"width":600,"height":600,"url":"https:\/\/gongcenter.ch\/app\/uploads\/2022\/09\/Paiste-No-Logo-2.png","type":"image\/png"}],"twitter_card":"summary_large_image","twitter_misc":{"Est. reading time":"1 minute"},"schema":{"@context":"https:\/\/schema.org","@graph":[{"@type":"WebPage","@id":"https:\/\/gongcenter.ch\/produkt\/paiste-symphonic-gong-32\/","url":"https:\/\/gongcenter.ch\/produkt\/paiste-symphonic-gong-32\/","name":"PAISTE Symphonic Gong ohne Logo. Der ideale Gong f\u00fcr dich.","isPartOf":{"@id":"https:\/\/gongcenter.ch\/#website"},"primaryImageOfPage":{"@id":"https:\/\/gongcenter.ch\/produkt\/paiste-symphonic-gong-32\/#primaryimage"},"image":{"@id":"https:\/\/gongcenter.ch\/produkt\/paiste-symphonic-gong-32\/#primaryimage"},"thumbnailUrl":"https:\/\/gongcenter.ch\/app\/uploads\/2022\/09\/Paiste-No-Logo-2.png","datePublished":"2025-11-07T13:42:32+00:00","dateModified":"2026-01-12T14:02:24+00:00","description":"Der PAISTE Symphonic Gong ist der Allrounder schlechthin. Er eignet sich besonders f\u00fcr zu Hause, Meditation, Therapie und Yoga.","breadcrumb":{"@id":"https:\/\/gongcenter.ch\/produkt\/paiste-symphonic-gong-32\/#breadcrumb"},"inLanguage":"en-US","potentialAction":[{"@type":"ReadAction","target":["https:\/\/gongcenter.ch\/produkt\/paiste-symphonic-gong-32\/"]}]},{"@type":"ImageObject","inLanguage":"en-US","@id":"https:\/\/gongcenter.ch\/produkt\/paiste-symphonic-gong-32\/#primaryimage","url":"https:\/\/gongcenter.ch\/app\/uploads\/2022\/09\/Paiste-No-Logo-2.png","contentUrl":"https:\/\/gongcenter.ch\/app\/uploads\/2022\/09\/Paiste-No-Logo-2.png","width":600,"height":600},{"@type":"BreadcrumbList","@id":"https:\/\/gongcenter.ch\/produkt\/paiste-symphonic-gong-32\/#breadcrumb","itemListElement":[{"@type":"ListItem","position":1,"name":"Startseite","item":"https:\/\/gongcenter.ch\/en\/"},{"@type":"ListItem","position":2,"name":"Shop","item":"https:\/\/gongcenter.ch\/en\/shop\/"},{"@type":"ListItem","position":3,"name":"PAISTE Symphonic Gong 32&#8243;"}]},{"@type":"WebSite","@id":"https:\/\/gongcenter.ch\/#website","url":"https:\/\/gongcenter.ch\/","name":"Gong Center Schweiz I Dein Gong und Klanginstrumente Fachgesch\u00e4ft","description":"Entdecke eine grosse Gong Auswahl sowie weitere Klanginstrumente - Wir sind Gong Klangtherapeut und bieten dir Top Qualit\u00e4t und Beratung.","publisher":{"@id":"https:\/\/gongcenter.ch\/#organization"},"potentialAction":[{"@type":"SearchAction","target":{"@type":"EntryPoint","urlTemplate":"https:\/\/gongcenter.ch\/?s={search_term_string}"},"query-input":{"@type":"PropertyValueSpecification","valueRequired":true,"valueName":"search_term_string"}}],"inLanguage":"en-US"},{"@type":"Organization","@id":"https:\/\/gongcenter.ch\/#organization","name":"Gongcenter Z\u00fcrich I Das Fachgesch\u00e4ft f\u00fcr Gong und Klang","url":"https:\/\/gongcenter.ch\/","logo":{"@type":"ImageObject","inLanguage":"en-US","@id":"https:\/\/gongcenter.ch\/#\/schema\/logo\/image\/","url":"https:\/\/gongcenter.ch\/app\/uploads\/2018\/05\/Gong-Center_Logo_2000_black.png","contentUrl":"https:\/\/gongcenter.ch\/app\/uploads\/2018\/05\/Gong-Center_Logo_2000_black.png","width":2000,"height":600,"caption":"Gongcenter Z\u00fcrich I Das Fachgesch\u00e4ft f\u00fcr Gong und Klang"},"image":{"@id":"https:\/\/gongcenter.ch\/#\/schema\/logo\/image\/"}}]}},"acf":[],"_links":{"self":[{"href":"https:\/\/gongcenter.ch\/en\/wp-json\/wp\/v2\/product\/36913","targetHints":{"allow":["GET"]}}],"collection":[{"href":"https:\/\/gongcenter.ch\/en\/wp-json\/wp\/v2\/product"}],"about":[{"href":"https:\/\/gongcenter.ch\/en\/wp-json\/wp\/v2\/types\/product"}],"wp:featuredmedia":[{"embeddable":true,"href":"https:\/\/gongcenter.ch\/en\/wp-json\/wp\/v2\/media\/29210"}],"wp:attachment":[{"href":"https:\/\/gongcenter.ch\/en\/wp-json\/wp\/v2\/media?parent=36913"}],"wp:term":[{"taxonomy":"product_brand","embeddable":true,"href":"https:\/\/gongcenter.ch\/en\/wp-json\/wp\/v2\/product_brand?post=36913"},{"taxonomy":"product_cat","embeddable":true,"href":"https:\/\/gongcenter.ch\/en\/wp-json\/wp\/v2\/product_cat?post=36913"},{"taxonomy":"product_tag","embeddable":true,"href":"https:\/\/gongcenter.ch\/en\/wp-json\/wp\/v2\/product_tag?post=36913"}],"curies":[{"name":"wp","href":"https:\/\/api.w.org\/{rel}","templated":true}]}}