{"id":36925,"date":"2025-11-26T13:21:23","date_gmt":"2025-11-26T12:21:23","guid":{"rendered":"https:\/\/gongcenter.ch\/?post_type=product&#038;p=36925"},"modified":"2026-04-10T11:24:40","modified_gmt":"2026-04-10T10:24:40","slug":"goike-gong-syderischer-mond-90-cm","status":"publish","type":"product","link":"https:\/\/gongcenter.ch\/en\/product\/goike-gong-syderischer-mond-90-cm\/","title":{"rendered":"Goike Gong Syderischer Mond 90 cm"},"content":{"rendered":"<p data-start=\"181\" data-end=\"350\">Die Zeitspanne zwischen zwei identischen Mondpositionen relativ zu den Fixsternen betr\u00e4gt rund <strong data-start=\"276\" data-end=\"288\">27\u2153 Tage<\/strong>. Dieser Zeitraum wird als <strong data-start=\"315\" data-end=\"338\">syderischer Monat<\/strong> bezeichnet.<\/p>\n<p data-start=\"352\" data-end=\"659\">Der Syderische Gong\u00a0f\u00f6rdert innere Klarheit, erm\u00f6glicht Zugang zu den tieferen kosmischen Rhythmen und unterst\u00fctzt dabei, die wesentlichen Linien des eigenen Weges zu erkennen. Seine Schwingung richtet den Blick auf das, was best\u00e4ndig, essenziell und wahr ist \u2013 jenseits pers\u00f6nlicher Stimmungen oder Emotionen.<\/p>\n<p>INFO<br \/>\nAuch wenn Sie hier und bei anderen Gong-Beschreibungen Wirkungen und Entsprechungen finden werden, handelt es sich immer um Beschreibungen von Erfahrungen, die im Verlaufe vieler Jahre gemacht worden sind und sich mitunter auch nur im Kontext der jeweiligen Begrifflichkeiten erschliessen. Alle Texte hier sollen Anregungen und Inspirationen f\u00fcr Ihre Gongarbeit sein. In dem Moment, wo Sie sich mit einer Frequenz besch\u00e4ftigen, erst dann k\u00f6nnen Sie sagen, was diese Frequenz f\u00fcr Sie leisten kann. Fakt ist, jede dieser Frequenzen hat eine spezifische Wirkung \u2013 da alle Menschen verschieden sind, wirken sich diese eben auch unterschiedlich aus. Erst die eigene Erfahrung wird eigenes, wertvolles Wissen generieren k\u00f6nnen.<\/p>\n<p>PFLEGE<br \/>\nGongs laden dazu ein, angefasst zu werden. Das Material ist grunds\u00e4tzlich extrem trocken und hat die Eigenschaft, sofort die nat\u00fcrlichen Fette und \u00d6le aus der Haut aufzusaugen. Der Gong entwickelt dadurch eine leicht unansehnliche Optik. Umgehen Sie dies, indem sie das Pflegen der Oberfl\u00e4che zur Routine werden lassen. Geeignet zur Plege sind Silber- und Metallputzmittel. Seien Sie sorgsam mit dem Nachpolieren, damit die Mallets nicht dunkel werden durch Reste von Putzmittel. Der Klang wird durch die Optik eines Gongs in keinem Fall beeintr\u00e4chtigt.<\/p>\n<p>&nbsp;<\/p>\n","protected":false},"excerpt":{"rendered":"<ul>\r\n \t<li>Gr\u00f6sse: 90 cm &#8211; 36&#8243;<\/li>\r\n \t<li>Frequenz: 113,71 Hz &#8211; 56,86 Hz<\/li>\r\n<\/ul>\r\nDieser Gong weist als Ausstellungsmodell leichte Gebrauchsspuren auf.","protected":false},"featured_media":36921,"template":"","meta":[],"product_brand":[],"product_cat":[1409,1410,1422,493],"product_tag":[],"class_list":{"0":"post-36925","1":"product","2":"type-product","3":"status-publish","4":"has-post-thumbnail","6":"product_cat-goike-gongs","7":"product_cat-goike-planeten-gongs","8":"product_cat-gongs-auf-lager","9":"product_cat-tuned-gongs","10":"product_shipping_class-kostenloser-versand-innerhalb-der-schweiz","11":"pa_modell-new-planet-synodischer-mond-gong","12":"pa_modell-synodischer-mond-gong","14":"first","15":"instock","16":"sold-individually","17":"taxable","18":"shipping-taxable","19":"purchasable","20":"product-type-simple"},"yoast_head":"<!-- This site is optimized with the Yoast SEO plugin v27.0 - https:\/\/yoast.com\/product\/yoast-seo-wordpress\/ -->\n<title>Goike Syderischer Gong \u2013 Klarheit &amp; Ausrichtung<\/title>\n<meta name=\"description\" content=\"Der Syderische Gong verbindet die pr\u00e4zise sternengebundene Mondbewegung mit Klang. Er f\u00f6rdert Klarheit, innere Ausrichtung und Zugang zu tieferen Rhythmen.\" \/>\n<meta name=\"robots\" content=\"index, follow, max-snippet:-1, max-image-preview:large, max-video-preview:-1\" \/>\n<link rel=\"canonical\" href=\"https:\/\/gongcenter.ch\/produkt\/goike-gong-syderischer-mond-90-cm\/\" \/>\n<meta property=\"og:locale\" content=\"en_US\" \/>\n<meta property=\"og:type\" content=\"article\" \/>\n<meta property=\"og:title\" content=\"Goike Syderischer Gong \u2013 Klarheit &amp; Ausrichtung\" \/>\n<meta property=\"og:description\" content=\"Der Syderische Gong verbindet die pr\u00e4zise sternengebundene Mondbewegung mit Klang. Er f\u00f6rdert Klarheit, innere Ausrichtung und Zugang zu tieferen Rhythmen.\" \/>\n<meta property=\"og:url\" content=\"https:\/\/gongcenter.ch\/produkt\/goike-gong-syderischer-mond-90-cm\/\" \/>\n<meta property=\"og:site_name\" content=\"Gong Center Schweiz I Dein Gong und Klanginstrumente Fachgesch\u00e4ft\" \/>\n<meta property=\"article:modified_time\" content=\"2026-04-10T10:24:40+00:00\" \/>\n<meta property=\"og:image\" content=\"https:\/\/gongcenter.ch\/app\/uploads\/2024\/07\/goike-sid-mond-gong-3622-1024x1024.png\" \/>\n\t<meta property=\"og:image:width\" content=\"1024\" \/>\n\t<meta property=\"og:image:height\" content=\"1024\" \/>\n\t<meta property=\"og:image:type\" content=\"image\/png\" \/>\n<meta name=\"twitter:card\" content=\"summary_large_image\" \/>\n<meta name=\"twitter:label1\" content=\"Est. reading time\" \/>\n\t<meta name=\"twitter:data1\" content=\"2 minutes\" \/>\n<!-- \/ Yoast SEO plugin. -->","yoast_head_json":{"title":"Goike Syderischer Gong \u2013 Klarheit & Ausrichtung","description":"Der Syderische Gong verbindet die pr\u00e4zise sternengebundene Mondbewegung mit Klang. Er f\u00f6rdert Klarheit, innere Ausrichtung und Zugang zu tieferen Rhythmen.","robots":{"index":"index","follow":"follow","max-snippet":"max-snippet:-1","max-image-preview":"max-image-preview:large","max-video-preview":"max-video-preview:-1"},"canonical":"https:\/\/gongcenter.ch\/produkt\/goike-gong-syderischer-mond-90-cm\/","og_locale":"en_US","og_type":"article","og_title":"Goike Syderischer Gong \u2013 Klarheit & Ausrichtung","og_description":"Der Syderische Gong verbindet die pr\u00e4zise sternengebundene Mondbewegung mit Klang. Er f\u00f6rdert Klarheit, innere Ausrichtung und Zugang zu tieferen Rhythmen.","og_url":"https:\/\/gongcenter.ch\/produkt\/goike-gong-syderischer-mond-90-cm\/","og_site_name":"Gong Center Schweiz I Dein Gong und Klanginstrumente Fachgesch\u00e4ft","article_modified_time":"2026-04-10T10:24:40+00:00","og_image":[{"width":1024,"height":1024,"url":"https:\/\/gongcenter.ch\/app\/uploads\/2024\/07\/goike-sid-mond-gong-3622-1024x1024.png","type":"image\/png"}],"twitter_card":"summary_large_image","twitter_misc":{"Est. reading time":"2 minutes"},"schema":{"@context":"https:\/\/schema.org","@graph":[{"@type":"WebPage","@id":"https:\/\/gongcenter.ch\/produkt\/goike-gong-syderischer-mond-90-cm\/","url":"https:\/\/gongcenter.ch\/produkt\/goike-gong-syderischer-mond-90-cm\/","name":"Goike Syderischer Gong \u2013 Klarheit & Ausrichtung","isPartOf":{"@id":"https:\/\/gongcenter.ch\/#website"},"primaryImageOfPage":{"@id":"https:\/\/gongcenter.ch\/produkt\/goike-gong-syderischer-mond-90-cm\/#primaryimage"},"image":{"@id":"https:\/\/gongcenter.ch\/produkt\/goike-gong-syderischer-mond-90-cm\/#primaryimage"},"thumbnailUrl":"https:\/\/gongcenter.ch\/app\/uploads\/2024\/07\/goike-sid-mond-gong-3622.png","datePublished":"2025-11-26T12:21:23+00:00","dateModified":"2026-04-10T10:24:40+00:00","description":"Der Syderische Gong verbindet die pr\u00e4zise sternengebundene Mondbewegung mit Klang. Er f\u00f6rdert Klarheit, innere Ausrichtung und Zugang zu tieferen Rhythmen.","breadcrumb":{"@id":"https:\/\/gongcenter.ch\/produkt\/goike-gong-syderischer-mond-90-cm\/#breadcrumb"},"inLanguage":"en-US","potentialAction":[{"@type":"ReadAction","target":["https:\/\/gongcenter.ch\/produkt\/goike-gong-syderischer-mond-90-cm\/"]}]},{"@type":"ImageObject","inLanguage":"en-US","@id":"https:\/\/gongcenter.ch\/produkt\/goike-gong-syderischer-mond-90-cm\/#primaryimage","url":"https:\/\/gongcenter.ch\/app\/uploads\/2024\/07\/goike-sid-mond-gong-3622.png","contentUrl":"https:\/\/gongcenter.ch\/app\/uploads\/2024\/07\/goike-sid-mond-gong-3622.png","width":2408,"height":2408},{"@type":"BreadcrumbList","@id":"https:\/\/gongcenter.ch\/produkt\/goike-gong-syderischer-mond-90-cm\/#breadcrumb","itemListElement":[{"@type":"ListItem","position":1,"name":"Startseite","item":"https:\/\/gongcenter.ch\/en\/"},{"@type":"ListItem","position":2,"name":"Shop","item":"https:\/\/gongcenter.ch\/en\/shop\/"},{"@type":"ListItem","position":3,"name":"Goike Gong Syderischer Mond 90 cm"}]},{"@type":"WebSite","@id":"https:\/\/gongcenter.ch\/#website","url":"https:\/\/gongcenter.ch\/","name":"Gong Center Schweiz I Dein Gong und Klanginstrumente Fachgesch\u00e4ft","description":"Entdecke eine grosse Gong Auswahl sowie weitere Klanginstrumente - Wir sind Gong Klangtherapeut und bieten dir Top Qualit\u00e4t und Beratung.","publisher":{"@id":"https:\/\/gongcenter.ch\/#organization"},"potentialAction":[{"@type":"SearchAction","target":{"@type":"EntryPoint","urlTemplate":"https:\/\/gongcenter.ch\/?s={search_term_string}"},"query-input":{"@type":"PropertyValueSpecification","valueRequired":true,"valueName":"search_term_string"}}],"inLanguage":"en-US"},{"@type":"Organization","@id":"https:\/\/gongcenter.ch\/#organization","name":"Gongcenter Z\u00fcrich I Das Fachgesch\u00e4ft f\u00fcr Gong und Klang","url":"https:\/\/gongcenter.ch\/","logo":{"@type":"ImageObject","inLanguage":"en-US","@id":"https:\/\/gongcenter.ch\/#\/schema\/logo\/image\/","url":"https:\/\/gongcenter.ch\/app\/uploads\/2018\/05\/Gong-Center_Logo_2000_black.png","contentUrl":"https:\/\/gongcenter.ch\/app\/uploads\/2018\/05\/Gong-Center_Logo_2000_black.png","width":2000,"height":600,"caption":"Gongcenter Z\u00fcrich I Das Fachgesch\u00e4ft f\u00fcr Gong und Klang"},"image":{"@id":"https:\/\/gongcenter.ch\/#\/schema\/logo\/image\/"}}]}},"acf":[],"_links":{"self":[{"href":"https:\/\/gongcenter.ch\/en\/wp-json\/wp\/v2\/product\/36925","targetHints":{"allow":["GET"]}}],"collection":[{"href":"https:\/\/gongcenter.ch\/en\/wp-json\/wp\/v2\/product"}],"about":[{"href":"https:\/\/gongcenter.ch\/en\/wp-json\/wp\/v2\/types\/product"}],"wp:featuredmedia":[{"embeddable":true,"href":"https:\/\/gongcenter.ch\/en\/wp-json\/wp\/v2\/media\/36921"}],"wp:attachment":[{"href":"https:\/\/gongcenter.ch\/en\/wp-json\/wp\/v2\/media?parent=36925"}],"wp:term":[{"taxonomy":"product_brand","embeddable":true,"href":"https:\/\/gongcenter.ch\/en\/wp-json\/wp\/v2\/product_brand?post=36925"},{"taxonomy":"product_cat","embeddable":true,"href":"https:\/\/gongcenter.ch\/en\/wp-json\/wp\/v2\/product_cat?post=36925"},{"taxonomy":"product_tag","embeddable":true,"href":"https:\/\/gongcenter.ch\/en\/wp-json\/wp\/v2\/product_tag?post=36925"}],"curies":[{"name":"wp","href":"https:\/\/api.w.org\/{rel}","templated":true}]}}