{"id":5609,"date":"2019-10-11T15:30:19","date_gmt":"2019-10-11T14:30:19","guid":{"rendered":"https:\/\/shop.gongcenter.ch\/?post_type=product&#038;p=5609"},"modified":"2024-08-13T21:34:49","modified_gmt":"2024-08-13T20:34:49","slug":"gongcenter-gongtasche","status":"publish","type":"product","link":"https:\/\/gongcenter.ch\/en\/product\/gongcenter-gongtasche\/","title":{"rendered":"Gong Center Gongtasche"},"content":{"rendered":"<p>Die Gong Center Gongtaschen sind der robuste Begleiter f\u00fcr unterwegs.<\/p>\n<p>Sie sind gut gef\u00fcttert und bieten Schutz vor\u00a0 Besch\u00e4digungen.<\/p>\n<p>Es gibt sie in den Gr\u00f6ssen:<\/p>\n<ul>\n<li>28&#8243; \/ 70 cm<\/li>\n<li>30&#8243; \/ 75 cm<\/li>\n<li>32&#8243;\/ 81 cm<\/li>\n<li>36&#8243;\/ 90 cm<\/li>\n<li>38&#8243;\/ 95 cm<\/li>\n<li>40&#8243; \/ 102 cm<\/li>\n<li>42&#8243; \/ 107 cm<\/li>\n<li>50&#8243; \/ 127 cm<\/li>\n<\/ul>\n","protected":false},"excerpt":{"rendered":"Die Gongtaschen von Meinl sind der perfekte Begleiter f\u00fcr unterwegs. Sie sind komplett gef\u00fcttert und bieten so Schutz vor","protected":false},"featured_media":29698,"template":"","meta":[],"product_brand":[],"product_cat":[63],"product_tag":[],"class_list":{"0":"post-5609","1":"product","2":"type-product","3":"status-publish","4":"has-post-thumbnail","6":"brands-gong-center","7":"product_cat-gong-taschen-huellen","8":"product_shipping_class-bis-199-chf-9-90-chf","9":"pa_groesse-30-75-cm","10":"pa_groesse-32-81-cm-o","11":"pa_groesse-36-90-cm-o","12":"pa_groesse-38-95-cm-o","13":"pa_groesse-40-100-cm-o","14":"pa_groesse-42-106-cm-o","15":"pa_groesse-50-127-cm-o","17":"first","18":"instock","19":"featured","20":"taxable","21":"shipping-taxable","22":"purchasable","23":"product-type-variable"},"yoast_head":"<!-- This site is optimized with the Yoast SEO plugin v27.0 - https:\/\/yoast.com\/product\/yoast-seo-wordpress\/ -->\n<title>Gong Tasche I Der perfekte Schutz f\u00fcr deinen Gong<\/title>\n<meta name=\"description\" content=\"Die gef\u00fctterte und sehr robuste Gongtasche sch\u00fctzt deinen Gong zuverl\u00e4ssig auf Reisen. In verschiedenen Gr\u00f6ssen erh\u00e4ltlich.\" \/>\n<meta name=\"robots\" content=\"index, follow, max-snippet:-1, max-image-preview:large, max-video-preview:-1\" \/>\n<link rel=\"canonical\" href=\"https:\/\/gongcenter.ch\/produkt\/gongcenter-gongtasche\/\" \/>\n<meta property=\"og:locale\" content=\"en_US\" \/>\n<meta property=\"og:type\" content=\"article\" \/>\n<meta property=\"og:title\" content=\"Gong Tasche I Der perfekte Schutz f\u00fcr deinen Gong\" \/>\n<meta property=\"og:description\" content=\"Die gef\u00fctterte und sehr robuste Gongtasche sch\u00fctzt deinen Gong zuverl\u00e4ssig auf Reisen. In verschiedenen Gr\u00f6ssen erh\u00e4ltlich.\" \/>\n<meta property=\"og:url\" content=\"https:\/\/gongcenter.ch\/produkt\/gongcenter-gongtasche\/\" \/>\n<meta property=\"og:site_name\" content=\"Gong Center Schweiz I Dein Gong und Klanginstrumente Fachgesch\u00e4ft\" \/>\n<meta property=\"article:modified_time\" content=\"2024-08-13T20:34:49+00:00\" \/>\n<meta property=\"og:image\" content=\"https:\/\/gongcenter.ch\/app\/uploads\/2022\/09\/img_20191008_123506_resized_20191010_013542982-1440x1200-1.jpg\" \/>\n\t<meta property=\"og:image:width\" content=\"1440\" \/>\n\t<meta property=\"og:image:height\" content=\"1200\" \/>\n\t<meta property=\"og:image:type\" content=\"image\/jpeg\" \/>\n<meta name=\"twitter:card\" content=\"summary_large_image\" \/>\n<meta name=\"twitter:label1\" content=\"Est. reading time\" \/>\n\t<meta name=\"twitter:data1\" content=\"1 minute\" \/>\n<!-- \/ Yoast SEO plugin. -->","yoast_head_json":{"title":"Gong Tasche I Der perfekte Schutz f\u00fcr deinen Gong","description":"Die gef\u00fctterte und sehr robuste Gongtasche sch\u00fctzt deinen Gong zuverl\u00e4ssig auf Reisen. In verschiedenen Gr\u00f6ssen erh\u00e4ltlich.","robots":{"index":"index","follow":"follow","max-snippet":"max-snippet:-1","max-image-preview":"max-image-preview:large","max-video-preview":"max-video-preview:-1"},"canonical":"https:\/\/gongcenter.ch\/produkt\/gongcenter-gongtasche\/","og_locale":"en_US","og_type":"article","og_title":"Gong Tasche I Der perfekte Schutz f\u00fcr deinen Gong","og_description":"Die gef\u00fctterte und sehr robuste Gongtasche sch\u00fctzt deinen Gong zuverl\u00e4ssig auf Reisen. In verschiedenen Gr\u00f6ssen erh\u00e4ltlich.","og_url":"https:\/\/gongcenter.ch\/produkt\/gongcenter-gongtasche\/","og_site_name":"Gong Center Schweiz I Dein Gong und Klanginstrumente Fachgesch\u00e4ft","article_modified_time":"2024-08-13T20:34:49+00:00","og_image":[{"width":1440,"height":1200,"url":"https:\/\/gongcenter.ch\/app\/uploads\/2022\/09\/img_20191008_123506_resized_20191010_013542982-1440x1200-1.jpg","type":"image\/jpeg"}],"twitter_card":"summary_large_image","twitter_misc":{"Est. reading time":"1 minute"},"schema":{"@context":"https:\/\/schema.org","@graph":[{"@type":"WebPage","@id":"https:\/\/gongcenter.ch\/produkt\/gongcenter-gongtasche\/","url":"https:\/\/gongcenter.ch\/produkt\/gongcenter-gongtasche\/","name":"Gong Tasche I Der perfekte Schutz f\u00fcr deinen Gong","isPartOf":{"@id":"https:\/\/gongcenter.ch\/#website"},"primaryImageOfPage":{"@id":"https:\/\/gongcenter.ch\/produkt\/gongcenter-gongtasche\/#primaryimage"},"image":{"@id":"https:\/\/gongcenter.ch\/produkt\/gongcenter-gongtasche\/#primaryimage"},"thumbnailUrl":"https:\/\/gongcenter.ch\/app\/uploads\/2022\/09\/img_20191008_123506_resized_20191010_013542982-1440x1200-1.jpg","datePublished":"2019-10-11T14:30:19+00:00","dateModified":"2024-08-13T20:34:49+00:00","description":"Die gef\u00fctterte und sehr robuste Gongtasche sch\u00fctzt deinen Gong zuverl\u00e4ssig auf Reisen. In verschiedenen Gr\u00f6ssen erh\u00e4ltlich.","breadcrumb":{"@id":"https:\/\/gongcenter.ch\/produkt\/gongcenter-gongtasche\/#breadcrumb"},"inLanguage":"en-US","potentialAction":[{"@type":"ReadAction","target":["https:\/\/gongcenter.ch\/produkt\/gongcenter-gongtasche\/"]}]},{"@type":"ImageObject","inLanguage":"en-US","@id":"https:\/\/gongcenter.ch\/produkt\/gongcenter-gongtasche\/#primaryimage","url":"https:\/\/gongcenter.ch\/app\/uploads\/2022\/09\/img_20191008_123506_resized_20191010_013542982-1440x1200-1.jpg","contentUrl":"https:\/\/gongcenter.ch\/app\/uploads\/2022\/09\/img_20191008_123506_resized_20191010_013542982-1440x1200-1.jpg","width":1440,"height":1200},{"@type":"BreadcrumbList","@id":"https:\/\/gongcenter.ch\/produkt\/gongcenter-gongtasche\/#breadcrumb","itemListElement":[{"@type":"ListItem","position":1,"name":"Startseite","item":"https:\/\/gongcenter.ch\/en\/"},{"@type":"ListItem","position":2,"name":"Shop","item":"https:\/\/gongcenter.ch\/en\/shop\/"},{"@type":"ListItem","position":3,"name":"Gong Center Gongtasche"}]},{"@type":"WebSite","@id":"https:\/\/gongcenter.ch\/#website","url":"https:\/\/gongcenter.ch\/","name":"Gong Center Schweiz I Dein Gong und Klanginstrumente Fachgesch\u00e4ft","description":"Entdecke eine grosse Gong Auswahl sowie weitere Klanginstrumente - Wir sind Gong Klangtherapeut und bieten dir Top Qualit\u00e4t und Beratung.","publisher":{"@id":"https:\/\/gongcenter.ch\/#organization"},"potentialAction":[{"@type":"SearchAction","target":{"@type":"EntryPoint","urlTemplate":"https:\/\/gongcenter.ch\/?s={search_term_string}"},"query-input":{"@type":"PropertyValueSpecification","valueRequired":true,"valueName":"search_term_string"}}],"inLanguage":"en-US"},{"@type":"Organization","@id":"https:\/\/gongcenter.ch\/#organization","name":"Gongcenter Z\u00fcrich I Das Fachgesch\u00e4ft f\u00fcr Gong und Klang","url":"https:\/\/gongcenter.ch\/","logo":{"@type":"ImageObject","inLanguage":"en-US","@id":"https:\/\/gongcenter.ch\/#\/schema\/logo\/image\/","url":"https:\/\/gongcenter.ch\/app\/uploads\/2018\/05\/Gong-Center_Logo_2000_black.png","contentUrl":"https:\/\/gongcenter.ch\/app\/uploads\/2018\/05\/Gong-Center_Logo_2000_black.png","width":2000,"height":600,"caption":"Gongcenter Z\u00fcrich I Das Fachgesch\u00e4ft f\u00fcr Gong und Klang"},"image":{"@id":"https:\/\/gongcenter.ch\/#\/schema\/logo\/image\/"}}]}},"acf":[],"_links":{"self":[{"href":"https:\/\/gongcenter.ch\/en\/wp-json\/wp\/v2\/product\/5609","targetHints":{"allow":["GET"]}}],"collection":[{"href":"https:\/\/gongcenter.ch\/en\/wp-json\/wp\/v2\/product"}],"about":[{"href":"https:\/\/gongcenter.ch\/en\/wp-json\/wp\/v2\/types\/product"}],"wp:featuredmedia":[{"embeddable":true,"href":"https:\/\/gongcenter.ch\/en\/wp-json\/wp\/v2\/media\/29698"}],"wp:attachment":[{"href":"https:\/\/gongcenter.ch\/en\/wp-json\/wp\/v2\/media?parent=5609"}],"wp:term":[{"taxonomy":"product_brand","embeddable":true,"href":"https:\/\/gongcenter.ch\/en\/wp-json\/wp\/v2\/product_brand?post=5609"},{"taxonomy":"product_cat","embeddable":true,"href":"https:\/\/gongcenter.ch\/en\/wp-json\/wp\/v2\/product_cat?post=5609"},{"taxonomy":"product_tag","embeddable":true,"href":"https:\/\/gongcenter.ch\/en\/wp-json\/wp\/v2\/product_tag?post=5609"}],"curies":[{"name":"wp","href":"https:\/\/api.w.org\/{rel}","templated":true}]}}