{"id":952,"date":"2018-07-09T12:14:37","date_gmt":"2018-07-09T11:14:37","guid":{"rendered":"http:\/\/64.131.77.249\/shop.gongcenter.ch\/?post_type=product&#038;p=952"},"modified":"2023-04-18T11:37:26","modified_gmt":"2023-04-18T10:37:26","slug":"chalklin-esoteric-gong-mallets-verschiedene-groessen","status":"publish","type":"product","link":"https:\/\/gongcenter.ch\/en\/product\/chalklin-esoteric-gong-mallets-verschiedene-groessen\/","title":{"rendered":"Chalklin Esoteric Gong Mallets"},"content":{"rendered":"<p>Diese Chalklin Esoteric Gong Mallets Artikel beinhaltet nur ein Mallet.<\/p>\n<p>Ein geeigneter Mallet (Schlegel) ist die Grundvoraussetzung f\u00fcr ein wohlklingendes, perfektes Gongspielen.<\/p>\n<p align=\"justify\">Die Chalklin esoterischen Gong-Schl\u00e4gel wurden entwickelt, um Klangheilern, Gong-Therapeuten, Yogapraktiker und allen weiteren Spielern neue Klangm\u00f6glichkeiten zu bieten. Speziell wenn man den Gong als Klang-Instrument spielt.<\/p>\n<p align=\"justify\">Chalkin stellt Schl\u00e4gel f\u00fcr Gonggr\u00f6ssen von 16&#8243; bis 50&#8243; her. Somit bieten sie eine grosse Bandbreite an M\u00f6glichkeiten f\u00fcr Klangtherapeuten.<\/p>\n<p align=\"justify\">Diese Schl\u00e4gel verf\u00fcgen \u00fcber einen weichen, abgerundeten Kopf mit einem stabilen Metallgriff. Dieser endet in einem rutschfesten Griff und einer Befestigungs-Kordel.<\/p>\n<p>Wir spielen meist mit zwei Mallets\u00a0 gleicher Gr\u00f6sse. Es empfiehlt sich auch, mit unterschiedlichen Malletgr\u00f6ssen zu experimentieren, da unterschiedliche Mallets verschiedenen T\u00f6ne bewirken und man so die M\u00f6glichkeit hat, das Klangpotenzial der Gongs in all seinen Ausdrucksm\u00f6glichkeiten zu entdecken.<\/p>\n","protected":false},"excerpt":{"rendered":"Material: Kopf-Material: Lammfell \/ Griff: Metall mit Gummiende und Kordel\r\n\r\nGewicht &amp; empfohlener Gongdurchmesser\r\n<ul>\r\n \t<li>CGME1 Gewicht 251 gr. \/ ideale Gongr\u00f6sse \u201e22 \u2013 24\u201c<\/li>\r\n \t<li>CGME2 Gewicht 287 gr. \/ ideale Gongr\u00f6sse \u201e26 \u2013 28\u201c<\/li>\r\n \t<li>CGME3 Gewicht 326 gr. \/ ideale Gongr\u00f6sse \u201e30 \u2013 32\u201c<\/li>\r\n \t<li>CGME4 Gewicht 378 gr. \/ ideale Gongr\u00f6sse \u201e32 \u2013 34\u2033<\/li>\r\n \t<li>CGME5 Gewicht 501 gr. \/ ideale Gongr\u00f6sse \u201e36 \u2013 40\u201c<\/li>\r\n \t<li>CGME6 Gewicht 575 gr. \/ ideale Gongr\u00f6sse \u201e40 \u2013 44\u201c<\/li>\r\n \t<li>CGME7 Gewicht 720 gr. \/ ideale Gongr\u00f6sse \u201e50\u201c<\/li>\r\n<\/ul>","protected":false},"featured_media":29130,"template":"","meta":[],"product_brand":[],"product_cat":[65],"product_tag":[],"class_list":{"0":"post-952","1":"product","2":"type-product","3":"status-publish","4":"has-post-thumbnail","6":"brands-chalklin","7":"product_cat-gong-zubehoer-mallets-schlaegel","8":"product_shipping_class-bis-199-chf-9-90-chf","9":"pa_size-cgme1","10":"pa_size-cgme2","11":"pa_size-cgme3","12":"pa_size-cgme4","13":"pa_size-cgme5","14":"pa_size-cgme6","15":"pa_size-cgme7","17":"first","18":"instock","19":"taxable","20":"shipping-taxable","21":"purchasable","22":"product-type-variable"},"yoast_head":"<!-- This site is optimized with the Yoast SEO plugin v27.0 - https:\/\/yoast.com\/product\/yoast-seo-wordpress\/ -->\n<title>Gong Zubeh\u00f6r | Mallets und Schl\u00e4gel | Grosse Auswahl<\/title>\n<meta name=\"description\" content=\"Ein geeigneter Mallet ist die Grundvoraussetzung f\u00fcr ein wohlklingendes, perfektes Gongspielen. Gongcenter.ch ist das f\u00fchrende Fachgesch\u00e4ft f\u00fcr Gongs und Zubeh\u00f6r. Grosse Auswahl zu kleinen Preisen.\" \/>\n<meta name=\"robots\" content=\"index, follow, max-snippet:-1, max-image-preview:large, max-video-preview:-1\" \/>\n<link rel=\"canonical\" href=\"https:\/\/gongcenter.ch\/produkt\/chalklin-esoteric-gong-mallets-verschiedene-groessen\/\" \/>\n<meta property=\"og:locale\" content=\"en_US\" \/>\n<meta property=\"og:type\" content=\"article\" \/>\n<meta property=\"og:title\" content=\"Gong Zubeh\u00f6r | Mallets und Schl\u00e4gel | Grosse Auswahl\" \/>\n<meta property=\"og:description\" content=\"Ein geeigneter Mallet ist die Grundvoraussetzung f\u00fcr ein wohlklingendes, perfektes Gongspielen. Gongcenter.ch ist das f\u00fchrende Fachgesch\u00e4ft f\u00fcr Gongs und Zubeh\u00f6r. Grosse Auswahl zu kleinen Preisen.\" \/>\n<meta property=\"og:url\" content=\"https:\/\/gongcenter.ch\/produkt\/chalklin-esoteric-gong-mallets-verschiedene-groessen\/\" \/>\n<meta property=\"og:site_name\" content=\"Gong Center Schweiz I Dein Gong und Klanginstrumente Fachgesch\u00e4ft\" \/>\n<meta property=\"article:modified_time\" content=\"2023-04-18T10:37:26+00:00\" \/>\n<meta property=\"og:image\" content=\"https:\/\/gongcenter.ch\/app\/uploads\/2022\/09\/chalklin-gong-mallet-2.png\" \/>\n\t<meta property=\"og:image:width\" content=\"600\" \/>\n\t<meta property=\"og:image:height\" content=\"600\" \/>\n\t<meta property=\"og:image:type\" content=\"image\/png\" \/>\n<meta name=\"twitter:card\" content=\"summary_large_image\" \/>\n<meta name=\"twitter:label1\" content=\"Est. reading time\" \/>\n\t<meta name=\"twitter:data1\" content=\"1 minute\" \/>\n<!-- \/ Yoast SEO plugin. -->","yoast_head_json":{"title":"Gong Zubeh\u00f6r | Mallets und Schl\u00e4gel | Grosse Auswahl","description":"Ein geeigneter Mallet ist die Grundvoraussetzung f\u00fcr ein wohlklingendes, perfektes Gongspielen. Gongcenter.ch ist das f\u00fchrende Fachgesch\u00e4ft f\u00fcr Gongs und Zubeh\u00f6r. Grosse Auswahl zu kleinen Preisen.","robots":{"index":"index","follow":"follow","max-snippet":"max-snippet:-1","max-image-preview":"max-image-preview:large","max-video-preview":"max-video-preview:-1"},"canonical":"https:\/\/gongcenter.ch\/produkt\/chalklin-esoteric-gong-mallets-verschiedene-groessen\/","og_locale":"en_US","og_type":"article","og_title":"Gong Zubeh\u00f6r | Mallets und Schl\u00e4gel | Grosse Auswahl","og_description":"Ein geeigneter Mallet ist die Grundvoraussetzung f\u00fcr ein wohlklingendes, perfektes Gongspielen. Gongcenter.ch ist das f\u00fchrende Fachgesch\u00e4ft f\u00fcr Gongs und Zubeh\u00f6r. Grosse Auswahl zu kleinen Preisen.","og_url":"https:\/\/gongcenter.ch\/produkt\/chalklin-esoteric-gong-mallets-verschiedene-groessen\/","og_site_name":"Gong Center Schweiz I Dein Gong und Klanginstrumente Fachgesch\u00e4ft","article_modified_time":"2023-04-18T10:37:26+00:00","og_image":[{"width":600,"height":600,"url":"https:\/\/gongcenter.ch\/app\/uploads\/2022\/09\/chalklin-gong-mallet-2.png","type":"image\/png"}],"twitter_card":"summary_large_image","twitter_misc":{"Est. reading time":"1 minute"},"schema":{"@context":"https:\/\/schema.org","@graph":[{"@type":"WebPage","@id":"https:\/\/gongcenter.ch\/produkt\/chalklin-esoteric-gong-mallets-verschiedene-groessen\/","url":"https:\/\/gongcenter.ch\/produkt\/chalklin-esoteric-gong-mallets-verschiedene-groessen\/","name":"Gong Zubeh\u00f6r | Mallets und Schl\u00e4gel | Grosse Auswahl","isPartOf":{"@id":"https:\/\/gongcenter.ch\/#website"},"primaryImageOfPage":{"@id":"https:\/\/gongcenter.ch\/produkt\/chalklin-esoteric-gong-mallets-verschiedene-groessen\/#primaryimage"},"image":{"@id":"https:\/\/gongcenter.ch\/produkt\/chalklin-esoteric-gong-mallets-verschiedene-groessen\/#primaryimage"},"thumbnailUrl":"https:\/\/gongcenter.ch\/app\/uploads\/2022\/09\/chalklin-gong-mallet-2.png","datePublished":"2018-07-09T11:14:37+00:00","dateModified":"2023-04-18T10:37:26+00:00","description":"Ein geeigneter Mallet ist die Grundvoraussetzung f\u00fcr ein wohlklingendes, perfektes Gongspielen. Gongcenter.ch ist das f\u00fchrende Fachgesch\u00e4ft f\u00fcr Gongs und Zubeh\u00f6r. Grosse Auswahl zu kleinen Preisen.","breadcrumb":{"@id":"https:\/\/gongcenter.ch\/produkt\/chalklin-esoteric-gong-mallets-verschiedene-groessen\/#breadcrumb"},"inLanguage":"en-US","potentialAction":[{"@type":"ReadAction","target":["https:\/\/gongcenter.ch\/produkt\/chalklin-esoteric-gong-mallets-verschiedene-groessen\/"]}]},{"@type":"ImageObject","inLanguage":"en-US","@id":"https:\/\/gongcenter.ch\/produkt\/chalklin-esoteric-gong-mallets-verschiedene-groessen\/#primaryimage","url":"https:\/\/gongcenter.ch\/app\/uploads\/2022\/09\/chalklin-gong-mallet-2.png","contentUrl":"https:\/\/gongcenter.ch\/app\/uploads\/2022\/09\/chalklin-gong-mallet-2.png","width":600,"height":600},{"@type":"BreadcrumbList","@id":"https:\/\/gongcenter.ch\/produkt\/chalklin-esoteric-gong-mallets-verschiedene-groessen\/#breadcrumb","itemListElement":[{"@type":"ListItem","position":1,"name":"Startseite","item":"https:\/\/gongcenter.ch\/en\/"},{"@type":"ListItem","position":2,"name":"Shop","item":"https:\/\/gongcenter.ch\/en\/shop\/"},{"@type":"ListItem","position":3,"name":"Chalklin Esoteric Gong Mallets"}]},{"@type":"WebSite","@id":"https:\/\/gongcenter.ch\/#website","url":"https:\/\/gongcenter.ch\/","name":"Gong Center Schweiz I Dein Gong und Klanginstrumente Fachgesch\u00e4ft","description":"Entdecke eine grosse Gong Auswahl sowie weitere Klanginstrumente - Wir sind Gong Klangtherapeut und bieten dir Top Qualit\u00e4t und Beratung.","publisher":{"@id":"https:\/\/gongcenter.ch\/#organization"},"potentialAction":[{"@type":"SearchAction","target":{"@type":"EntryPoint","urlTemplate":"https:\/\/gongcenter.ch\/?s={search_term_string}"},"query-input":{"@type":"PropertyValueSpecification","valueRequired":true,"valueName":"search_term_string"}}],"inLanguage":"en-US"},{"@type":"Organization","@id":"https:\/\/gongcenter.ch\/#organization","name":"Gongcenter Z\u00fcrich I Das Fachgesch\u00e4ft f\u00fcr Gong und Klang","url":"https:\/\/gongcenter.ch\/","logo":{"@type":"ImageObject","inLanguage":"en-US","@id":"https:\/\/gongcenter.ch\/#\/schema\/logo\/image\/","url":"https:\/\/gongcenter.ch\/app\/uploads\/2018\/05\/Gong-Center_Logo_2000_black.png","contentUrl":"https:\/\/gongcenter.ch\/app\/uploads\/2018\/05\/Gong-Center_Logo_2000_black.png","width":2000,"height":600,"caption":"Gongcenter Z\u00fcrich I Das Fachgesch\u00e4ft f\u00fcr Gong und Klang"},"image":{"@id":"https:\/\/gongcenter.ch\/#\/schema\/logo\/image\/"}}]}},"acf":[],"_links":{"self":[{"href":"https:\/\/gongcenter.ch\/en\/wp-json\/wp\/v2\/product\/952","targetHints":{"allow":["GET"]}}],"collection":[{"href":"https:\/\/gongcenter.ch\/en\/wp-json\/wp\/v2\/product"}],"about":[{"href":"https:\/\/gongcenter.ch\/en\/wp-json\/wp\/v2\/types\/product"}],"wp:featuredmedia":[{"embeddable":true,"href":"https:\/\/gongcenter.ch\/en\/wp-json\/wp\/v2\/media\/29130"}],"wp:attachment":[{"href":"https:\/\/gongcenter.ch\/en\/wp-json\/wp\/v2\/media?parent=952"}],"wp:term":[{"taxonomy":"product_brand","embeddable":true,"href":"https:\/\/gongcenter.ch\/en\/wp-json\/wp\/v2\/product_brand?post=952"},{"taxonomy":"product_cat","embeddable":true,"href":"https:\/\/gongcenter.ch\/en\/wp-json\/wp\/v2\/product_cat?post=952"},{"taxonomy":"product_tag","embeddable":true,"href":"https:\/\/gongcenter.ch\/en\/wp-json\/wp\/v2\/product_tag?post=952"}],"curies":[{"name":"wp","href":"https:\/\/api.w.org\/{rel}","templated":true}]}}